{"id":38829,"date":"2023-03-21T21:53:17","date_gmt":"2023-03-21T19:53:17","guid":{"rendered":"https:\/\/www.radiomarket.fi\/?post_type=product&#038;p=38829"},"modified":"2023-10-14T13:30:31","modified_gmt":"2023-10-14T10:30:31","slug":"ekus0694-radiot-lehti-4-2022","status":"publish","type":"product","link":"https:\/\/www.radiomarket.fi\/en\/kohde\/ekus0694-radiot-lehti-4-2022\/","title":{"rendered":"EKUS0694 Radiot-lehti 4\/2022"},"content":{"rendered":"<p>Suomen Radiohistoriallinen Seura ry:n julkaisema SRHS-j\u00e4senlehti 4\/2022 (12.12.2022). Seuran j\u00e4senille lehdist\u00e4 50% j\u00e4senalennus, jos haluat j\u00e4senalennuksen, tilaa haluamasi numerot s\u00e4hk\u00f6postitse.<br \/><br \/><strong>T\u00e4ss\u00e4 numerossa:<\/strong><br \/><br \/>Seuran syyskokous Salossa (Heikki Marttila)<br \/>S\u00e4hk\u00f6ist\u00e4minen ja radiot. Osa 3 (Heikki Marttila)<br \/>Luukkosen Radiotuote (Heikki Marttila)<br \/>Mikkelin Radioyhdistys (Heikki Marttila)<br \/>Sentraalisantra muistelee. Osa 2: Puhelinlangat laulaa<br \/>(Aino Eskelinen)<br \/>A. S. Popovin jalanj\u00e4ljiss\u00e4 (Timo Kiiski)<br \/>Presidentti Ky\u00f6sti Kallio ja Yleisradion varautuminen<br \/>(Heikki Marttila)<br \/>Kuin sika s\u00e4kiss\u00e4 (Heikki Marttila)<br \/>Huoltoteline t\u00e4m\u00e4kin (Heikki Rinnemaa)<br \/>Elektroniikka-askartelu (Heikki Rinnemaa)<br \/>Suomen Radiohistoriallinen seura ry. Toimintasuunnitelma vuodelle 2023<br \/>Auringonpimennys (Heikki Marttila)<br \/>Muut yhdistykset<br \/>Kaappiradiot 1950-luvulla (Kauko Viitanen)<br \/><br \/>Varastosaldoon on laskettu uudet ja k\u00e4ytetyt lehdet. Uudet lehdet myyd\u00e4\u00e4n ensin.\u00a0<\/p>","protected":false},"excerpt":{"rendered":"<p>Loppuunmyydyksi merkittyjen lehtien yksitt\u00e4isist\u00e4 artikkeleista voi tiedustella kopioita tai skannauksia.<\/p>","protected":false},"featured_media":38827,"template":"","meta":[],"_links":{"self":[{"href":"https:\/\/www.radiomarket.fi\/en\/wp-json\/wp\/v2\/product\/38829"}],"collection":[{"href":"https:\/\/www.radiomarket.fi\/en\/wp-json\/wp\/v2\/product"}],"about":[{"href":"https:\/\/www.radiomarket.fi\/en\/wp-json\/wp\/v2\/types\/product"}],"wp:featuredmedia":[{"embeddable":true,"href":"https:\/\/www.radiomarket.fi\/en\/wp-json\/wp\/v2\/media\/38827"}],"wp:attachment":[{"href":"https:\/\/www.radiomarket.fi\/en\/wp-json\/wp\/v2\/media?parent=38829"}],"curies":[{"name":"wp","href":"https:\/\/api.w.org\/{rel}","templated":true}]}}