{"id":38830,"date":"2024-03-26T21:55:43","date_gmt":"2024-03-26T19:55:43","guid":{"rendered":"https:\/\/www.radiomarket.fi\/?post_type=product&#038;p=38830"},"modified":"2025-11-24T14:27:42","modified_gmt":"2025-11-24T12:27:42","slug":"ekus0695-radiot-lehti-1-2023","status":"publish","type":"product","link":"https:\/\/www.radiomarket.fi\/en\/kohde\/ekus0695-radiot-lehti-1-2023\/","title":{"rendered":"EKUS0695 Radiot-lehti 1\/2023"},"content":{"rendered":"<p>Suomen Radiohistoriallinen Seura ry:n julkaisema SRHS-j\u00e4senlehti 1\/2023 (xx.xx.2023). Seuran j\u00e4senille lehdist\u00e4 50% j\u00e4senalennus, jos haluat j\u00e4senalennuksen, tilaa haluamasi numerot s\u00e4hk\u00f6postitse.<br \/><br \/><strong>T\u00e4ss\u00e4 numerossa:<\/strong><br \/><br \/>Maailman radiop\u00e4iv\u00e4 Oodissa 13.2.2023 (Jorma Raita)<br \/>Kokouskutsu<br \/>Kolmekymment\u00e4 (Teppo Gustafsson)<br \/>Talvisodan aikaisesta radioh\u00e4irinn\u00e4st\u00e4 (Heikki Marttila)<br \/>Lahden yleisradioaseman l\u00e4hetystaajuuden heilutus (Heikki Marttila)<br \/>Kalevala-juhla ja radiointi (Heikki Marttila)<br \/>Kuinka olympiaradiosta tuli sotilasradio<br \/>Radioharrastusta Urjalassa (Heikki Marttila)<br \/>Sentraalisantra muistelee. Osa 3: Lopun alku (Aino Eskelinen)<br \/>Torotor kelasarjaradio, osa 1 (Heikki Rinnemaa)<br \/>Kirjat kertovat. Radioteknikon opas (Heikki Rinnemaa)<br \/>Vaikea television korjaus (Pekka Ritam\u00e4ki)<br \/>Sotilasradiop\u00e4iv\u00e4 2023<br \/>Suomen DX-Liitto (Risto V\u00e4h\u00e4kainu)<br \/>Salora Futura (\u00c5ke Nyholm) <br \/><br \/>Varastosaldoon on laskettu uudet ja k\u00e4ytetyt lehdet. Uudet lehdet myyd\u00e4\u00e4n ensin.\u00a0<\/p>","protected":false},"excerpt":{"rendered":"<p>Loppuunmyydyksi merkittyjen lehtien yksitt\u00e4isist\u00e4 artikkeleista voi tilata kopioita tai skannauksia. Kirjetoimitustuotteita kannattaa tilata useampi samalla kertaa, toimituskulut nousevat vain \u20ac0,10 per lis\u00e4tty tuote (v. 2024 hinnaston mukaan).<\/p>","protected":false},"featured_media":38828,"template":"","meta":[],"_links":{"self":[{"href":"https:\/\/www.radiomarket.fi\/en\/wp-json\/wp\/v2\/product\/38830"}],"collection":[{"href":"https:\/\/www.radiomarket.fi\/en\/wp-json\/wp\/v2\/product"}],"about":[{"href":"https:\/\/www.radiomarket.fi\/en\/wp-json\/wp\/v2\/types\/product"}],"wp:featuredmedia":[{"embeddable":true,"href":"https:\/\/www.radiomarket.fi\/en\/wp-json\/wp\/v2\/media\/38828"}],"wp:attachment":[{"href":"https:\/\/www.radiomarket.fi\/en\/wp-json\/wp\/v2\/media?parent=38830"}],"curies":[{"name":"wp","href":"https:\/\/api.w.org\/{rel}","templated":true}]}}