{"id":38833,"date":"2023-03-22T12:13:31","date_gmt":"2023-03-22T10:13:31","guid":{"rendered":"https:\/\/www.radiomarket.fi\/?post_type=product&#038;p=38833"},"modified":"2023-03-22T12:13:32","modified_gmt":"2023-03-22T10:13:32","slug":"ekum2494-vox-cinemas-3d-lasit-ekum","status":"publish","type":"product","link":"https:\/\/www.radiomarket.fi\/en\/kohde\/ekum2494-vox-cinemas-3d-lasit-ekum\/","title":{"rendered":"EKUM2494 Vox Cinemas 3D-lasit (EKUM)"},"content":{"rendered":"<p>Ehj\u00e4t, linsseiss\u00e4 pari pient\u00e4 naarmua.<\/p>","protected":false},"excerpt":{"rendered":"<p>Ehj\u00e4t, linsseiss\u00e4 pari pient\u00e4 naarmua.<\/p>","protected":false},"featured_media":38834,"template":"","meta":[],"_links":{"self":[{"href":"https:\/\/www.radiomarket.fi\/en\/wp-json\/wp\/v2\/product\/38833"}],"collection":[{"href":"https:\/\/www.radiomarket.fi\/en\/wp-json\/wp\/v2\/product"}],"about":[{"href":"https:\/\/www.radiomarket.fi\/en\/wp-json\/wp\/v2\/types\/product"}],"wp:featuredmedia":[{"embeddable":true,"href":"https:\/\/www.radiomarket.fi\/en\/wp-json\/wp\/v2\/media\/38834"}],"wp:attachment":[{"href":"https:\/\/www.radiomarket.fi\/en\/wp-json\/wp\/v2\/media?parent=38833"}],"curies":[{"name":"wp","href":"https:\/\/api.w.org\/{rel}","templated":true}]}}