{"id":38865,"date":"2023-03-22T17:29:01","date_gmt":"2023-03-22T15:29:01","guid":{"rendered":"https:\/\/www.radiomarket.fi\/?post_type=product&#038;p=38865"},"modified":"2023-10-12T12:16:31","modified_gmt":"2023-10-12T09:16:31","slug":"ekum0399-panssarivaunuvastaanottimen-71-tk-3-volttimittari","status":"publish","type":"product","link":"https:\/\/www.radiomarket.fi\/en\/kohde\/ekum0399-panssarivaunuvastaanottimen-71-tk-3-volttimittari\/","title":{"rendered":"EKUM0399 panssarivaunuvastaanottimen 71-TK-3 volttimittari"},"content":{"rendered":"<p>Neuvostoliittolaisen tankkiradion volttimittari. N\u00e4ytt\u00e4\u00e4 toimivalta, ei testattu. USSR Radio 71-TK-3 &#8211; Receiver of model 1939 tank HF radio. 4\u20265.63 MHz, A1 \/ A3. Installed in BT-5 and BT-7 tanks as well as in early T-34 tanks.<\/p>","protected":false},"excerpt":{"rendered":"<p>Neuvostoliittolaisen tankkiradion volttimittari. N\u00e4ytt\u00e4\u00e4 toimivalta, ei testattu. USSR Radio 71-TK-3 &#8211; Receiver of model 1939 tank HF radio. 4\u20265.63 MHz, A1 \/ A3. Installed in BT-5 and BT-7 tanks as well as in early T-34 tanks.<\/p>","protected":false},"featured_media":38868,"template":"","meta":[],"_links":{"self":[{"href":"https:\/\/www.radiomarket.fi\/en\/wp-json\/wp\/v2\/product\/38865"}],"collection":[{"href":"https:\/\/www.radiomarket.fi\/en\/wp-json\/wp\/v2\/product"}],"about":[{"href":"https:\/\/www.radiomarket.fi\/en\/wp-json\/wp\/v2\/types\/product"}],"wp:featuredmedia":[{"embeddable":true,"href":"https:\/\/www.radiomarket.fi\/en\/wp-json\/wp\/v2\/media\/38868"}],"wp:attachment":[{"href":"https:\/\/www.radiomarket.fi\/en\/wp-json\/wp\/v2\/media?parent=38865"}],"curies":[{"name":"wp","href":"https:\/\/api.w.org\/{rel}","templated":true}]}}