{"id":38966,"date":"2023-03-29T17:49:09","date_gmt":"2023-03-29T14:49:09","guid":{"rendered":"https:\/\/www.radiomarket.fi\/?post_type=product&#038;p=38966"},"modified":"2023-03-30T15:13:34","modified_gmt":"2023-03-30T12:13:34","slug":"ekum0503-scart-johto-kaikki-kontaktit-kytketty","status":"publish","type":"product","link":"https:\/\/www.radiomarket.fi\/en\/kohde\/ekum0503-scart-johto-kaikki-kontaktit-kytketty\/","title":{"rendered":"EKUM0503 SCART-johto kaikki kontaktit kytketty"},"content":{"rendered":"T\u00e4m\u00e4n k\u00e4ytetyn johdon liitin on avattu ja siten varmistettu, ett\u00e4 jokainen liittimen kosketin on kytketty. Kertasuljettavaksi tarkoitetussa liittimess\u00e4 voi olla j\u00e4lki\u00e4 avaamisesta ja se voi vaatia teippauksen tai vastaavaa pysy\u00e4kseen kiinni. Vain toisen p\u00e4\u00e4n liitin on avattu tarkastuksessa.\r\n\r\nPituus noin 1,5 metri\u00e4.","protected":false},"excerpt":{"rendered":"<p>T\u00e4m\u00e4n k\u00e4ytetyn johdon liitin on avattu ja siten varmistettu, ett\u00e4 jokainen liittimen kosketin on kytketty. Kertasuljettavaksi tarkoitetussa liittimess\u00e4 voi olla j\u00e4lki\u00e4 avaamisesta ja se voi vaatia teippauksen tai vastaavaa pysy\u00e4kseen kiinni. Vain toisen p\u00e4\u00e4n liitin on avattu tarkastuksessa. Pituus noin 1,5 metri\u00e4.<\/p>","protected":false},"featured_media":38970,"template":"","meta":[],"_links":{"self":[{"href":"https:\/\/www.radiomarket.fi\/en\/wp-json\/wp\/v2\/product\/38966"}],"collection":[{"href":"https:\/\/www.radiomarket.fi\/en\/wp-json\/wp\/v2\/product"}],"about":[{"href":"https:\/\/www.radiomarket.fi\/en\/wp-json\/wp\/v2\/types\/product"}],"wp:featuredmedia":[{"embeddable":true,"href":"https:\/\/www.radiomarket.fi\/en\/wp-json\/wp\/v2\/media\/38970"}],"wp:attachment":[{"href":"https:\/\/www.radiomarket.fi\/en\/wp-json\/wp\/v2\/media?parent=38966"}],"curies":[{"name":"wp","href":"https:\/\/api.w.org\/{rel}","templated":true}]}}