{"id":39007,"date":"2023-03-30T22:53:17","date_gmt":"2023-03-30T19:53:17","guid":{"rendered":"https:\/\/www.radiomarket.fi\/?post_type=product&#038;p=39007"},"modified":"2023-04-02T08:52:51","modified_gmt":"2023-04-02T05:52:51","slug":"ekum0862-13x52-cm-pohjalevy","status":"publish","type":"product","link":"https:\/\/www.radiomarket.fi\/en\/kohde\/ekum0862-13x52-cm-pohjalevy\/","title":{"rendered":"EKUM0862 13&#215;52 cm takalevyn osa"},"content":{"rendered":"<p>Levysoittimellisen putkiradion kaksiosaisen takalevyn puolikas. K\u00e4ytetty, purkulaitteesta purettu. Toimitetaan mittojen salliessa kirjeen\u00e4, muutoin postin pakettina. Kirjeen maksimimitat 25 cm x 35,3 cm x 3 cm. Otsikkorivill\u00e4 ilmoitettu pohjalevyn mitatut mitat senttimetrein\u00e4. Varmistathan tietojen oikeellisuuden myyj\u00e4lt\u00e4.<\/p>","protected":false},"excerpt":{"rendered":"<p>Levysoittimellisen putkiradion kaksiosaisen takalevyn puolikas. K\u00e4ytetty, purkulaitteesta purettu. Toimitetaan mittojen salliessa kirjeen\u00e4, muutoin postin pakettina. Kirjeen maksimimitat 25 cm x 35,3 cm x 3 cm. Otsikkorivill\u00e4 ilmoitettu pohjalevyn mitatut mitat senttimetrein\u00e4. Varmistathan tietojen oikeellisuuden myyj\u00e4lt\u00e4.<\/p>","protected":false},"featured_media":39008,"template":"","meta":[],"_links":{"self":[{"href":"https:\/\/www.radiomarket.fi\/en\/wp-json\/wp\/v2\/product\/39007"}],"collection":[{"href":"https:\/\/www.radiomarket.fi\/en\/wp-json\/wp\/v2\/product"}],"about":[{"href":"https:\/\/www.radiomarket.fi\/en\/wp-json\/wp\/v2\/types\/product"}],"wp:featuredmedia":[{"embeddable":true,"href":"https:\/\/www.radiomarket.fi\/en\/wp-json\/wp\/v2\/media\/39008"}],"wp:attachment":[{"href":"https:\/\/www.radiomarket.fi\/en\/wp-json\/wp\/v2\/media?parent=39007"}],"curies":[{"name":"wp","href":"https:\/\/api.w.org\/{rel}","templated":true}]}}