{"id":39089,"date":"2023-04-05T13:09:49","date_gmt":"2023-04-05T10:09:49","guid":{"rendered":"https:\/\/www.radiomarket.fi\/?post_type=product&#038;p=39089"},"modified":"2023-09-17T23:29:07","modified_gmt":"2023-09-17T20:29:07","slug":"ekum2271-panasonic-rx-sr29-walkman","status":"publish","type":"product","link":"https:\/\/www.radiomarket.fi\/en\/kohde\/ekum2271-panasonic-rx-sr29-walkman\/","title":{"rendered":"EKUM2271 Panasonic RX-SR29 &#8220;walkman&#8221;"},"content":{"rendered":"<p>Testattu paristoilla 4\/2023, py\u00f6rii ja kelaa ainakin tyhj\u00e4n\u00e4. Ei tutkittu tarkemmin.\u00a0<\/p>","protected":false},"excerpt":{"rendered":"<p>Testattu paristoilla 4\/2023, py\u00f6rii ja kelaa ainakin tyhj\u00e4n\u00e4. Ei tutkittu tarkemmin.\u00a0<\/p>","protected":false},"featured_media":39092,"template":"","meta":[],"_links":{"self":[{"href":"https:\/\/www.radiomarket.fi\/en\/wp-json\/wp\/v2\/product\/39089"}],"collection":[{"href":"https:\/\/www.radiomarket.fi\/en\/wp-json\/wp\/v2\/product"}],"about":[{"href":"https:\/\/www.radiomarket.fi\/en\/wp-json\/wp\/v2\/types\/product"}],"wp:featuredmedia":[{"embeddable":true,"href":"https:\/\/www.radiomarket.fi\/en\/wp-json\/wp\/v2\/media\/39092"}],"wp:attachment":[{"href":"https:\/\/www.radiomarket.fi\/en\/wp-json\/wp\/v2\/media?parent=39089"}],"curies":[{"name":"wp","href":"https:\/\/api.w.org\/{rel}","templated":true}]}}