{"id":39221,"date":"2023-04-08T18:42:22","date_gmt":"2023-04-08T15:42:22","guid":{"rendered":"https:\/\/www.radiomarket.fi\/?post_type=product&#038;p=39221"},"modified":"2023-04-10T20:16:38","modified_gmt":"2023-04-10T17:16:38","slug":"ekub0445-trevi-hcd-5706-autoradio","status":"publish","type":"product","link":"https:\/\/www.radiomarket.fi\/en\/kohde\/ekub0445-trevi-hcd-5706-autoradio\/","title":{"rendered":"EKUB0445 Trevi HCD 5706 autoradio"},"content":{"rendered":"Testaamaton autoradio. N\u00e4yt\u00f6n koristekehys puuttuu?","protected":false},"excerpt":{"rendered":"<p>Testaamaton autoradio. N\u00e4yt\u00f6n koristekehys puuttuu?<\/p>","protected":false},"featured_media":39222,"template":"","meta":[],"_links":{"self":[{"href":"https:\/\/www.radiomarket.fi\/en\/wp-json\/wp\/v2\/product\/39221"}],"collection":[{"href":"https:\/\/www.radiomarket.fi\/en\/wp-json\/wp\/v2\/product"}],"about":[{"href":"https:\/\/www.radiomarket.fi\/en\/wp-json\/wp\/v2\/types\/product"}],"wp:featuredmedia":[{"embeddable":true,"href":"https:\/\/www.radiomarket.fi\/en\/wp-json\/wp\/v2\/media\/39222"}],"wp:attachment":[{"href":"https:\/\/www.radiomarket.fi\/en\/wp-json\/wp\/v2\/media?parent=39221"}],"curies":[{"name":"wp","href":"https:\/\/api.w.org\/{rel}","templated":true}]}}