{"id":39254,"date":"2023-04-10T19:07:40","date_gmt":"2023-04-10T16:07:40","guid":{"rendered":"https:\/\/www.radiomarket.fi\/?post_type=product&#038;p=39254"},"modified":"2023-05-17T10:21:41","modified_gmt":"2023-05-17T07:21:41","slug":"rompepaivapaketti-2-hengen-huone-itara-museolla-26-27-5-2023-kopio","status":"publish","type":"product","link":"https:\/\/www.radiomarket.fi\/en\/kohde\/rompepaivapaketti-2-hengen-huone-itara-museolla-26-27-5-2023-kopio\/","title":{"rendered":"Rompep\u00e4iv\u00e4paketti &#8220;itara&#8221; 2 hengen huone museolla 26.-27.5.2023"},"content":{"rendered":"Kaksi erillist\u00e4 s\u00e4nky\u00e4 yhdess\u00e4 huoneessa, asiakkaat tuovat mukanaan omat liinavaatteet. Kahdelle hengelle perjantain iltapala klo 19 j\u00e4lkeen ja aamiainen lauantaina kello 8-9. WC:t, suihku ja minikeitti\u00f6 k\u00e4ytett\u00e4viss\u00e4 yhteistiloissa. Huoneen koko ja kalustus vaihtelee, kuvat ovat suuntaa antavia.\r\n\r\nHuone on k\u00e4ytett\u00e4viss\u00e4 perjantaiaamusta lauantai-iltap\u00e4iv\u00e4\u00e4n, edullisen lis\u00e4y\u00f6n hintaan 20,- voi varata s\u00e4hk\u00f6postitse Radiomarketista.\r\n\r\nRompep\u00e4iv\u00e4tapahtumassa on perinteisesti ollut perjantaina iltaohjelmaa ja vapaata seurustelua.\r\n\r\nMUUTOKSET VARAUKSEEN: lis\u00e4vuoteet ja muut toiveet pyrit\u00e4\u00e4n t\u00e4ytt\u00e4m\u00e4\u00e4n torstaihin 25.5. saakka, ota yhteytt\u00e4 radiomarkettiin.\r\n\r\nPERUUTUSEHTO: Maksetun varauksen viimeinen peruutusp\u00e4iv\u00e4 on 22.5, sen j\u00e4lkeen tehtyj\u00e4 varauksia ei en\u00e4\u00e4 hyvitet\u00e4.","protected":false},"excerpt":{"rendered":"<p>Rompep\u00e4iv\u00e4, vuotuinen antiikki- ja vintage-elektroniikan kirpputoritapahtuma j\u00e4rjestet\u00e4\u00e4n Pet\u00e4j\u00e4veden Radio- ja Puhelinmuseon piha-alueella ja puutarhassa lauantaina 27.5.2023 kello 9-13.<\/p>\n<p>Lauantaina kirpputoritapahtuma alkaa kello 9 ja p\u00e4\u00e4ttyy yleens\u00e4 kello 13 aikoihin. Myyntipaikat jaetaan saapumisj\u00e4rjestyksess\u00e4, paikan hinta 15,-, museoyhdistyksen j\u00e4senille ilmainen.<\/p>","protected":false},"featured_media":39255,"template":"","meta":[],"_links":{"self":[{"href":"https:\/\/www.radiomarket.fi\/en\/wp-json\/wp\/v2\/product\/39254"}],"collection":[{"href":"https:\/\/www.radiomarket.fi\/en\/wp-json\/wp\/v2\/product"}],"about":[{"href":"https:\/\/www.radiomarket.fi\/en\/wp-json\/wp\/v2\/types\/product"}],"wp:featuredmedia":[{"embeddable":true,"href":"https:\/\/www.radiomarket.fi\/en\/wp-json\/wp\/v2\/media\/39255"}],"wp:attachment":[{"href":"https:\/\/www.radiomarket.fi\/en\/wp-json\/wp\/v2\/media?parent=39254"}],"curies":[{"name":"wp","href":"https:\/\/api.w.org\/{rel}","templated":true}]}}