{"id":39263,"date":"2023-04-10T21:29:26","date_gmt":"2023-04-10T18:29:26","guid":{"rendered":"https:\/\/www.radiomarket.fi\/?post_type=product&#038;p=39263"},"modified":"2023-04-10T21:36:51","modified_gmt":"2023-04-10T18:36:51","slug":"ekub0448-kaytetty-pyorea-uppopistorasia","status":"publish","type":"product","link":"https:\/\/www.radiomarket.fi\/en\/kohde\/ekub0448-kaytetty-pyorea-uppopistorasia\/","title":{"rendered":"EKUB0448 k\u00e4ytetty py\u00f6re\u00e4 uppopistorasia"},"content":{"rendered":"K\u00e4ytetty varapistorasia 1960-luvulta. Itse pistorasia sopii my\u00f6s useamman pistokkeen levyyn, kuvassa oleva peittolevyrengas on irrallinen. Mahdollisesti useita saatavana, kysy ellei yksi riit\u00e4.\r\n\r\n#1960-luku","protected":false},"excerpt":{"rendered":"<p>Mik\u00e4li tarvitset useamman kysy saatavuutta, niin tarkistamme varastojen salat.<\/p>","protected":false},"featured_media":39265,"template":"","meta":[],"_links":{"self":[{"href":"https:\/\/www.radiomarket.fi\/en\/wp-json\/wp\/v2\/product\/39263"}],"collection":[{"href":"https:\/\/www.radiomarket.fi\/en\/wp-json\/wp\/v2\/product"}],"about":[{"href":"https:\/\/www.radiomarket.fi\/en\/wp-json\/wp\/v2\/types\/product"}],"wp:featuredmedia":[{"embeddable":true,"href":"https:\/\/www.radiomarket.fi\/en\/wp-json\/wp\/v2\/media\/39265"}],"wp:attachment":[{"href":"https:\/\/www.radiomarket.fi\/en\/wp-json\/wp\/v2\/media?parent=39263"}],"curies":[{"name":"wp","href":"https:\/\/api.w.org\/{rel}","templated":true}]}}