{"id":39267,"date":"2023-04-10T21:38:06","date_gmt":"2023-04-10T18:38:06","guid":{"rendered":"https:\/\/www.radiomarket.fi\/?post_type=product&#038;p=39267"},"modified":"2023-08-15T10:14:55","modified_gmt":"2023-08-15T07:14:55","slug":"ekub0449-kaytetty-teleste-antennipistorasia","status":"publish","type":"product","link":"https:\/\/www.radiomarket.fi\/en\/kohde\/ekub0449-kaytetty-teleste-antennipistorasia\/","title":{"rendered":"EKUB0449 k\u00e4ytetty Teleste antennipistorasia"},"content":{"rendered":"<p>K\u00e4ytetty antennipistorasia 1970-luvulta. Itse pistorasia sopii my\u00f6s useamman pistokkeen levyyn, kuvassa oleva peittolevy on irrallinen. Mahdollisesti useita saatavana, kysy ellei yksi riit\u00e4. #1970-luku<\/p>","protected":false},"excerpt":{"rendered":"<p>Mik\u00e4li tarvitset useamman kysy saatavuutta, niin tarkistamme varastojen salat.<\/p>","protected":false},"featured_media":39268,"template":"","meta":[],"_links":{"self":[{"href":"https:\/\/www.radiomarket.fi\/en\/wp-json\/wp\/v2\/product\/39267"}],"collection":[{"href":"https:\/\/www.radiomarket.fi\/en\/wp-json\/wp\/v2\/product"}],"about":[{"href":"https:\/\/www.radiomarket.fi\/en\/wp-json\/wp\/v2\/types\/product"}],"wp:featuredmedia":[{"embeddable":true,"href":"https:\/\/www.radiomarket.fi\/en\/wp-json\/wp\/v2\/media\/39268"}],"wp:attachment":[{"href":"https:\/\/www.radiomarket.fi\/en\/wp-json\/wp\/v2\/media?parent=39267"}],"curies":[{"name":"wp","href":"https:\/\/api.w.org\/{rel}","templated":true}]}}