{"id":39306,"date":"2023-04-12T13:51:42","date_gmt":"2023-04-12T10:51:42","guid":{"rendered":"https:\/\/www.radiomarket.fi\/?post_type=product&#038;p=39306"},"modified":"2023-05-19T12:27:01","modified_gmt":"2023-05-19T09:27:01","slug":"ekus1008-sony-cfs-201l","status":"publish","type":"product","link":"https:\/\/www.radiomarket.fi\/en\/kohde\/ekus1008-sony-cfs-201l\/","title":{"rendered":"EKUS1008 Sony CFS-201L"},"content":{"rendered":"<p>Siistiss\u00e4 kunnossa, kaikki n\u00e4ytt\u00e4\u00e4 olevan paikoillaan. Antenni on ehj\u00e4 ja paristokotelo siisti. Kasettisoittimen \u00e4\u00e4nip\u00e4\u00e4 on siisti.<\/p><p>Ei testattu eik\u00e4 tutkittu tarkemmin.<br \/><br \/>Katso my\u00f6s EKUA1138.<\/p>","protected":false},"excerpt":{"rendered":"<p>Siistiss\u00e4 kunnossa, kaikki n\u00e4ytt\u00e4\u00e4 olevan paikoillaan. Antenni on ehj\u00e4 ja paristokotelo siisti. Kasettisoittimen \u00e4\u00e4nip\u00e4\u00e4 on siisti.Ei testattu eik\u00e4 tutkittu tarkemmin.Katso my\u00f6s EKUA1138.<\/p>","protected":false},"featured_media":39308,"template":"","meta":[],"_links":{"self":[{"href":"https:\/\/www.radiomarket.fi\/en\/wp-json\/wp\/v2\/product\/39306"}],"collection":[{"href":"https:\/\/www.radiomarket.fi\/en\/wp-json\/wp\/v2\/product"}],"about":[{"href":"https:\/\/www.radiomarket.fi\/en\/wp-json\/wp\/v2\/types\/product"}],"wp:featuredmedia":[{"embeddable":true,"href":"https:\/\/www.radiomarket.fi\/en\/wp-json\/wp\/v2\/media\/39308"}],"wp:attachment":[{"href":"https:\/\/www.radiomarket.fi\/en\/wp-json\/wp\/v2\/media?parent=39306"}],"curies":[{"name":"wp","href":"https:\/\/api.w.org\/{rel}","templated":true}]}}