{"id":39307,"date":"2023-04-12T13:47:54","date_gmt":"2023-04-12T10:47:54","guid":{"rendered":"https:\/\/www.radiomarket.fi\/?post_type=product&#038;p=39307"},"modified":"2024-02-15T12:08:25","modified_gmt":"2024-02-15T10:08:25","slug":"ekum2285-asteikkolasi-blaupunkt-1950-luvun-lopulta","status":"publish","type":"product","link":"https:\/\/www.radiomarket.fi\/en\/kohde\/ekum2285-asteikkolasi-blaupunkt-1950-luvun-lopulta\/","title":{"rendered":"EKUM2285 asteikkolasi Blaupunkt 1950-luvun lopulta"},"content":{"rendered":"<p>Asteikkolasi vaikuttaa esitekuvien perusteella samalta kuin mallissa Blaupunkt Roma tai Sultan, mutta koko ja yksityiskohdat voivat poiketa. Vastaavuus tarkistettava. Lasin fyysiset mitat: 10 cm x 47,5 cm. Yhdess\u00e4 tuotekuvista n\u00e4kyy koneisto, josta lasi purettu.<\/p>","protected":false},"excerpt":{"rendered":"<p>Suosittelemme asteikkolaseille s\u00e4rkyv\u00e4-lis\u00e4palvelua (ostettavissa tuotteena)<\/p>","protected":false},"featured_media":39329,"template":"","meta":[],"_links":{"self":[{"href":"https:\/\/www.radiomarket.fi\/en\/wp-json\/wp\/v2\/product\/39307"}],"collection":[{"href":"https:\/\/www.radiomarket.fi\/en\/wp-json\/wp\/v2\/product"}],"about":[{"href":"https:\/\/www.radiomarket.fi\/en\/wp-json\/wp\/v2\/types\/product"}],"wp:featuredmedia":[{"embeddable":true,"href":"https:\/\/www.radiomarket.fi\/en\/wp-json\/wp\/v2\/media\/39329"}],"wp:attachment":[{"href":"https:\/\/www.radiomarket.fi\/en\/wp-json\/wp\/v2\/media?parent=39307"}],"curies":[{"name":"wp","href":"https:\/\/api.w.org\/{rel}","templated":true}]}}