{"id":39361,"date":"2023-04-12T21:10:50","date_gmt":"2023-04-12T18:10:50","guid":{"rendered":"https:\/\/www.radiomarket.fi\/?post_type=product&#038;p=39361"},"modified":"2023-10-12T12:15:57","modified_gmt":"2023-10-12T09:15:57","slug":"ekum0513-witte-lampotilasaadin-kaytetty","status":"publish","type":"product","link":"https:\/\/www.radiomarket.fi\/en\/kohde\/ekum0513-witte-lampotilasaadin-kaytetty\/","title":{"rendered":"EKUM0513 Witte l\u00e4mp\u00f6tilas\u00e4\u00e4din k\u00e4ytetty"},"content":{"rendered":"<p>Huonetermostaatti. L\u00e4mm\u00f6ns\u00e4\u00e4din. k\u00e4ytetty, toimintaa ei testattu.<\/p>","protected":false},"excerpt":{"rendered":"<p>Huonetermostaatti. L\u00e4mm\u00f6ns\u00e4\u00e4din. k\u00e4ytetty, toimintaa ei testattu.<\/p>","protected":false},"featured_media":39363,"template":"","meta":[],"_links":{"self":[{"href":"https:\/\/www.radiomarket.fi\/en\/wp-json\/wp\/v2\/product\/39361"}],"collection":[{"href":"https:\/\/www.radiomarket.fi\/en\/wp-json\/wp\/v2\/product"}],"about":[{"href":"https:\/\/www.radiomarket.fi\/en\/wp-json\/wp\/v2\/types\/product"}],"wp:featuredmedia":[{"embeddable":true,"href":"https:\/\/www.radiomarket.fi\/en\/wp-json\/wp\/v2\/media\/39363"}],"wp:attachment":[{"href":"https:\/\/www.radiomarket.fi\/en\/wp-json\/wp\/v2\/media?parent=39361"}],"curies":[{"name":"wp","href":"https:\/\/api.w.org\/{rel}","templated":true}]}}