{"id":39388,"date":"2023-04-13T01:21:01","date_gmt":"2023-04-12T22:21:01","guid":{"rendered":"https:\/\/www.radiomarket.fi\/?post_type=product&#038;p=39388"},"modified":"2023-04-13T01:25:20","modified_gmt":"2023-04-12T22:25:20","slug":"ekum0866-his-masters-voice-model-pt-60-k-47x57-cm-takalevy","status":"publish","type":"product","link":"https:\/\/www.radiomarket.fi\/en\/kohde\/ekum0866-his-masters-voice-model-pt-60-k-47x57-cm-takalevy\/","title":{"rendered":"EKUM0866 \u201dHis Master\u2019s Voice\u201d Model PT 60\/K 47&#215;57 cm takalevy"},"content":{"rendered":"<p>Television takalevy. K\u00e4ytetty, purkulaitteesta purettu. Toimitetaan mittojen salliessa kirjeen\u00e4, muutoin postin pakettina. Kirjeen maksimimitat 25 cm x 35,3 cm x 3 cm. Otsikkorivill\u00e4 ilmoitettu pohjalevyn mitatut mitat senttimetrein\u00e4. Varmistathan tietojen oikeellisuuden myyj\u00e4lt\u00e4.<\/p>","protected":false},"excerpt":{"rendered":"<p>Television takalevy. K\u00e4ytetty, purkulaitteesta purettu. Toimitetaan mittojen salliessa kirjeen\u00e4, muutoin postin pakettina. Kirjeen maksimimitat 25 cm x 35,3 cm x 3 cm. Otsikkorivill\u00e4 ilmoitettu pohjalevyn mitatut mitat senttimetrein\u00e4. Varmistathan tietojen oikeellisuuden myyj\u00e4lt\u00e4.<\/p>","protected":false},"featured_media":39389,"template":"","meta":[],"_links":{"self":[{"href":"https:\/\/www.radiomarket.fi\/en\/wp-json\/wp\/v2\/product\/39388"}],"collection":[{"href":"https:\/\/www.radiomarket.fi\/en\/wp-json\/wp\/v2\/product"}],"about":[{"href":"https:\/\/www.radiomarket.fi\/en\/wp-json\/wp\/v2\/types\/product"}],"wp:featuredmedia":[{"embeddable":true,"href":"https:\/\/www.radiomarket.fi\/en\/wp-json\/wp\/v2\/media\/39389"}],"wp:attachment":[{"href":"https:\/\/www.radiomarket.fi\/en\/wp-json\/wp\/v2\/media?parent=39388"}],"curies":[{"name":"wp","href":"https:\/\/api.w.org\/{rel}","templated":true}]}}