{"id":39391,"date":"2023-04-13T01:25:25","date_gmt":"2023-04-12T22:25:25","guid":{"rendered":"https:\/\/www.radiomarket.fi\/?post_type=product&#038;p=39391"},"modified":"2023-04-13T01:28:38","modified_gmt":"2023-04-12T22:28:38","slug":"ekum0867-philips-23tsf3i0a-46x54-cm-takalevy","status":"publish","type":"product","link":"https:\/\/www.radiomarket.fi\/en\/kohde\/ekum0867-philips-23tsf3i0a-46x54-cm-takalevy\/","title":{"rendered":"EKUM0867 Philips 23TSF310A 46&#215;54 cm takalevy"},"content":{"rendered":"<p>Television takalevy. K\u00e4ytetty, purkulaitteesta purettu. Toimitetaan mittojen salliessa kirjeen\u00e4, muutoin postin pakettina. Kirjeen maksimimitat 25 cm x 35,3 cm x 3 cm. Otsikkorivill\u00e4 ilmoitettu pohjalevyn mitatut mitat senttimetrein\u00e4. Varmistathan tietojen oikeellisuuden myyj\u00e4lt\u00e4.<\/p>","protected":false},"excerpt":{"rendered":"<p>Television takalevy. K\u00e4ytetty, purkulaitteesta purettu. Toimitetaan mittojen salliessa kirjeen\u00e4, muutoin postin pakettina. Kirjeen maksimimitat 25 cm x 35,3 cm x 3 cm. Otsikkorivill\u00e4 ilmoitettu pohjalevyn mitatut mitat senttimetrein\u00e4. Varmistathan tietojen oikeellisuuden myyj\u00e4lt\u00e4.<\/p>","protected":false},"featured_media":39393,"template":"","meta":[],"_links":{"self":[{"href":"https:\/\/www.radiomarket.fi\/en\/wp-json\/wp\/v2\/product\/39391"}],"collection":[{"href":"https:\/\/www.radiomarket.fi\/en\/wp-json\/wp\/v2\/product"}],"about":[{"href":"https:\/\/www.radiomarket.fi\/en\/wp-json\/wp\/v2\/types\/product"}],"wp:featuredmedia":[{"embeddable":true,"href":"https:\/\/www.radiomarket.fi\/en\/wp-json\/wp\/v2\/media\/39393"}],"wp:attachment":[{"href":"https:\/\/www.radiomarket.fi\/en\/wp-json\/wp\/v2\/media?parent=39391"}],"curies":[{"name":"wp","href":"https:\/\/api.w.org\/{rel}","templated":true}]}}