{"id":39394,"date":"2023-04-13T01:28:43","date_gmt":"2023-04-12T22:28:43","guid":{"rendered":"https:\/\/www.radiomarket.fi\/?post_type=product&#038;p=39394"},"modified":"2023-04-13T01:30:27","modified_gmt":"2023-04-12T22:30:27","slug":"ekum0868-kuba-marina-imperial-fs-chassis-1723-45x75-cm-takalevy-ilman-kuppia","status":"publish","type":"product","link":"https:\/\/www.radiomarket.fi\/en\/kohde\/ekum0868-kuba-marina-imperial-fs-chassis-1723-45x75-cm-takalevy-ilman-kuppia\/","title":{"rendered":"EKUM0868 Kuba Marina Imperial FS-Chassis 1723 45&#215;75 cm takalevy ilman kuppia"},"content":{"rendered":"<p>Television takalevy. K\u00e4ytetty, purkulaitteesta purettu. Toimitetaan mittojen salliessa kirjeen\u00e4, muutoin postin pakettina. Kirjeen maksimimitat 25 cm x 35,3 cm x 3 cm. Otsikkorivill\u00e4 ilmoitettu pohjalevyn mitatut mitat senttimetrein\u00e4. Varmistathan tietojen oikeellisuuden myyj\u00e4lt\u00e4.<\/p>","protected":false},"excerpt":{"rendered":"<p>Television takalevy. K\u00e4ytetty, purkulaitteesta purettu. Toimitetaan mittojen salliessa kirjeen\u00e4, muutoin postin pakettina. Kirjeen maksimimitat 25 cm x 35,3 cm x 3 cm. Otsikkorivill\u00e4 ilmoitettu pohjalevyn mitatut mitat senttimetrein\u00e4. Varmistathan tietojen oikeellisuuden myyj\u00e4lt\u00e4.<\/p>","protected":false},"featured_media":39395,"template":"","meta":[],"_links":{"self":[{"href":"https:\/\/www.radiomarket.fi\/en\/wp-json\/wp\/v2\/product\/39394"}],"collection":[{"href":"https:\/\/www.radiomarket.fi\/en\/wp-json\/wp\/v2\/product"}],"about":[{"href":"https:\/\/www.radiomarket.fi\/en\/wp-json\/wp\/v2\/types\/product"}],"wp:featuredmedia":[{"embeddable":true,"href":"https:\/\/www.radiomarket.fi\/en\/wp-json\/wp\/v2\/media\/39395"}],"wp:attachment":[{"href":"https:\/\/www.radiomarket.fi\/en\/wp-json\/wp\/v2\/media?parent=39394"}],"curies":[{"name":"wp","href":"https:\/\/api.w.org\/{rel}","templated":true}]}}