{"id":39423,"date":"2023-04-13T15:24:41","date_gmt":"2023-04-13T12:24:41","guid":{"rendered":"https:\/\/www.radiomarket.fi\/?post_type=product&#038;p=39423"},"modified":"2023-07-19T13:44:28","modified_gmt":"2023-07-19T10:44:28","slug":"ekub0452-grundig-music-boy-210e","status":"publish","type":"product","link":"https:\/\/www.radiomarket.fi\/en\/kohde\/ekub0452-grundig-music-boy-210e\/","title":{"rendered":"EKUB0452 Grundig Music-Boy 210E"},"content":{"rendered":"<p>Grundigin matkaradio. Music-Boy-merkki ja etupuolen alaosan lista puuttuvat. Maalipinta on kulunut. Yl\u00e4puolella likaa ja tarranj\u00e4\u00e4m\u00e4. Asteikkolasi sek\u00e4 antenni ovat ehji\u00e4.<\/p><p>&nbsp;<\/p><p>Ei testattu eik\u00e4 tutkittu tarkemmin.<\/p>","protected":false},"excerpt":{"rendered":"<p>Grundigin matkaradio. Music-Boy-merkki ja etupuolen alaosan lista puuttuvat. Maalipinta on kulunut. Yl\u00e4puolella likaa ja tarranj\u00e4\u00e4m\u00e4. Asteikkolasi sek\u00e4 antenni ovat ehji\u00e4.&nbsp;Ei testattu eik\u00e4 tutkittu tarkemmin.<\/p>","protected":false},"featured_media":39429,"template":"","meta":[],"_links":{"self":[{"href":"https:\/\/www.radiomarket.fi\/en\/wp-json\/wp\/v2\/product\/39423"}],"collection":[{"href":"https:\/\/www.radiomarket.fi\/en\/wp-json\/wp\/v2\/product"}],"about":[{"href":"https:\/\/www.radiomarket.fi\/en\/wp-json\/wp\/v2\/types\/product"}],"wp:featuredmedia":[{"embeddable":true,"href":"https:\/\/www.radiomarket.fi\/en\/wp-json\/wp\/v2\/media\/39429"}],"wp:attachment":[{"href":"https:\/\/www.radiomarket.fi\/en\/wp-json\/wp\/v2\/media?parent=39423"}],"curies":[{"name":"wp","href":"https:\/\/api.w.org\/{rel}","templated":true}]}}