{"id":39454,"date":"2023-04-16T20:20:48","date_gmt":"2023-04-16T17:20:48","guid":{"rendered":"https:\/\/www.radiomarket.fi\/?post_type=product&#038;p=39454"},"modified":"2023-04-20T19:35:57","modified_gmt":"2023-04-20T16:35:57","slug":"ekub0451-taytetty-varis","status":"publish","type":"product","link":"https:\/\/www.radiomarket.fi\/en\/kohde\/ekub0451-taytetty-varis\/","title":{"rendered":"EKUB0451 T\u00e4ytetty varis"},"content":{"rendered":"T\u00e4ytetty varis, n\u00e4ytt\u00e4\u00e4 ik\u00e4ist\u00e4\u00e4n nuoremmalta mutta silti aika vanhalta. Hyv\u00e4kuntoinen papparainen.\r\n\r\n#rekvisiitta","protected":false},"excerpt":{"rendered":"<p>Varis on radiotiedustelun symboli &#8211; varisparvi asettaa aina vartijansa kuulolle ruokailun ajaksi.<\/p>","protected":false},"featured_media":39502,"template":"","meta":[],"_links":{"self":[{"href":"https:\/\/www.radiomarket.fi\/en\/wp-json\/wp\/v2\/product\/39454"}],"collection":[{"href":"https:\/\/www.radiomarket.fi\/en\/wp-json\/wp\/v2\/product"}],"about":[{"href":"https:\/\/www.radiomarket.fi\/en\/wp-json\/wp\/v2\/types\/product"}],"wp:featuredmedia":[{"embeddable":true,"href":"https:\/\/www.radiomarket.fi\/en\/wp-json\/wp\/v2\/media\/39502"}],"wp:attachment":[{"href":"https:\/\/www.radiomarket.fi\/en\/wp-json\/wp\/v2\/media?parent=39454"}],"curies":[{"name":"wp","href":"https:\/\/api.w.org\/{rel}","templated":true}]}}