{"id":39516,"date":"2023-04-21T21:52:39","date_gmt":"2023-04-21T18:52:39","guid":{"rendered":"https:\/\/www.radiomarket.fi\/?post_type=product&#038;p=39516"},"modified":"2023-08-03T22:50:15","modified_gmt":"2023-08-03T19:50:15","slug":"ekum0516-swr-mittari-danita-171a","status":"publish","type":"product","link":"https:\/\/www.radiomarket.fi\/en\/kohde\/ekum0516-swr-mittari-danita-171a\/","title":{"rendered":"EKUM0516 SWR-mittari Danita 171A"},"content":{"rendered":"Seisovan aallon mittari 50 ohmin kaapelille. Mittarin tehovalintakytkin 0,5\/5W. T\u00e4m\u00e4 taitaa olla l\u00e4hinn\u00e4 26-30 MHz alueelle tarkoitettu?","protected":false},"excerpt":{"rendered":"<p>Seisovan aallon mittari 50 ohmin kaapelille. Mittarin tehovalintakytkin 0,5\/5W. T\u00e4m\u00e4 taitaa olla l\u00e4hinn\u00e4 26-30 MHz alueelle tarkoitettu?<\/p>","protected":false},"featured_media":39518,"template":"","meta":[],"_links":{"self":[{"href":"https:\/\/www.radiomarket.fi\/en\/wp-json\/wp\/v2\/product\/39516"}],"collection":[{"href":"https:\/\/www.radiomarket.fi\/en\/wp-json\/wp\/v2\/product"}],"about":[{"href":"https:\/\/www.radiomarket.fi\/en\/wp-json\/wp\/v2\/types\/product"}],"wp:featuredmedia":[{"embeddable":true,"href":"https:\/\/www.radiomarket.fi\/en\/wp-json\/wp\/v2\/media\/39518"}],"wp:attachment":[{"href":"https:\/\/www.radiomarket.fi\/en\/wp-json\/wp\/v2\/media?parent=39516"}],"curies":[{"name":"wp","href":"https:\/\/api.w.org\/{rel}","templated":true}]}}