{"id":39562,"date":"2023-04-27T19:56:55","date_gmt":"2023-04-27T16:56:55","guid":{"rendered":"https:\/\/www.radiomarket.fi\/?post_type=product&#038;p=39562"},"modified":"2023-04-27T20:04:24","modified_gmt":"2023-04-27T17:04:24","slug":"ekum0518-lv-626-harri-eli-10rt-12-kide-210","status":"publish","type":"product","link":"https:\/\/www.radiomarket.fi\/en\/kohde\/ekum0518-lv-626-harri-eli-10rt-12-kide-210\/","title":{"rendered":"EKUM0518 LV-626 Harri eli 10RT-12 kide &#8220;210&#8221;"},"content":{"rendered":"Laatikko ja kiteet myyd\u00e4\u00e4n erikseen, osta t\u00e4st\u00e4 pelkk\u00e4 kide kanavalle 210.\r\n\r\nAlias 10-RT26","protected":false},"excerpt":{"rendered":"<p>Laatikko ja kiteet myyd\u00e4\u00e4n erikseen, osta t\u00e4st\u00e4 pelkk\u00e4 kide kanavalle 210. Alias 10-RT26<\/p>","protected":false},"featured_media":39563,"template":"","meta":[],"_links":{"self":[{"href":"https:\/\/www.radiomarket.fi\/en\/wp-json\/wp\/v2\/product\/39562"}],"collection":[{"href":"https:\/\/www.radiomarket.fi\/en\/wp-json\/wp\/v2\/product"}],"about":[{"href":"https:\/\/www.radiomarket.fi\/en\/wp-json\/wp\/v2\/types\/product"}],"wp:featuredmedia":[{"embeddable":true,"href":"https:\/\/www.radiomarket.fi\/en\/wp-json\/wp\/v2\/media\/39563"}],"wp:attachment":[{"href":"https:\/\/www.radiomarket.fi\/en\/wp-json\/wp\/v2\/media?parent=39562"}],"curies":[{"name":"wp","href":"https:\/\/api.w.org\/{rel}","templated":true}]}}