{"id":39566,"date":"2023-04-27T20:06:36","date_gmt":"2023-04-27T17:06:36","guid":{"rendered":"https:\/\/www.radiomarket.fi\/?post_type=product&#038;p=39566"},"modified":"2023-05-02T10:47:14","modified_gmt":"2023-05-02T07:47:14","slug":"ekum0519-lv-626-harri-eli-10rt-12-kide-213","status":"publish","type":"product","link":"https:\/\/www.radiomarket.fi\/en\/kohde\/ekum0519-lv-626-harri-eli-10rt-12-kide-213\/","title":{"rendered":"EKUM0520 LV-626 Harri eli 10RT-12 kide &#8220;213&#8221;"},"content":{"rendered":"Laatikko ja kiteet myyd\u00e4\u00e4n erikseen, osta t\u00e4st\u00e4 pelkk\u00e4 kide kanavalle 213.\r\n\r\nAlias 10-RT26","protected":false},"excerpt":{"rendered":"<p>Laatikko ja kiteet myyd\u00e4\u00e4n erikseen, osta t\u00e4st\u00e4 pelkk\u00e4 kide kanavalle 213. Alias 10-RT26<\/p>","protected":false},"featured_media":39559,"template":"","meta":[],"_links":{"self":[{"href":"https:\/\/www.radiomarket.fi\/en\/wp-json\/wp\/v2\/product\/39566"}],"collection":[{"href":"https:\/\/www.radiomarket.fi\/en\/wp-json\/wp\/v2\/product"}],"about":[{"href":"https:\/\/www.radiomarket.fi\/en\/wp-json\/wp\/v2\/types\/product"}],"wp:featuredmedia":[{"embeddable":true,"href":"https:\/\/www.radiomarket.fi\/en\/wp-json\/wp\/v2\/media\/39559"}],"wp:attachment":[{"href":"https:\/\/www.radiomarket.fi\/en\/wp-json\/wp\/v2\/media?parent=39566"}],"curies":[{"name":"wp","href":"https:\/\/api.w.org\/{rel}","templated":true}]}}