{"id":39599,"date":"2023-05-03T17:15:27","date_gmt":"2023-05-03T14:15:27","guid":{"rendered":"https:\/\/www.radiomarket.fi\/?post_type=product&#038;p=39599"},"modified":"2023-08-26T11:37:25","modified_gmt":"2023-08-26T08:37:25","slug":"lars0209-fenno-seura-t-v-40-ekus","status":"publish","type":"product","link":"https:\/\/www.radiomarket.fi\/en\/kohde\/lars0209-fenno-seura-t-v-40-ekus\/","title":{"rendered":"LARS0209 Fenno Seura T.V-40 (EKUS)"},"content":{"rendered":"<p>N\u00e4ytt\u00e4v\u00e4 keskikokoinen putkiradio. Viilun paloja puuttuu. Asteikossa kulumaa. Ainakin n\u00e4k\u00f6viritysputki on paikallaan. Tarkasteltu vain p\u00e4\u00e4llisin puolin. Ei tutkittu tarkemmin.<\/p>","protected":false},"excerpt":{"rendered":"<p>Suosittelemme putkiradioille s\u00e4rkyv\u00e4-lis\u00e4palvelua (ostettavissa erikseen tuotteena)<\/p>","protected":false},"featured_media":39600,"template":"","meta":[],"_links":{"self":[{"href":"https:\/\/www.radiomarket.fi\/en\/wp-json\/wp\/v2\/product\/39599"}],"collection":[{"href":"https:\/\/www.radiomarket.fi\/en\/wp-json\/wp\/v2\/product"}],"about":[{"href":"https:\/\/www.radiomarket.fi\/en\/wp-json\/wp\/v2\/types\/product"}],"wp:featuredmedia":[{"embeddable":true,"href":"https:\/\/www.radiomarket.fi\/en\/wp-json\/wp\/v2\/media\/39600"}],"wp:attachment":[{"href":"https:\/\/www.radiomarket.fi\/en\/wp-json\/wp\/v2\/media?parent=39599"}],"curies":[{"name":"wp","href":"https:\/\/api.w.org\/{rel}","templated":true}]}}