{"id":39614,"date":"2023-05-03T19:46:48","date_gmt":"2023-05-03T16:46:48","guid":{"rendered":"https:\/\/www.radiomarket.fi\/?post_type=product&#038;p=39614"},"modified":"2023-05-03T19:48:44","modified_gmt":"2023-05-03T16:48:44","slug":"ekum0641-skanneri-lehti-4-96-53u","status":"publish","type":"product","link":"https:\/\/www.radiomarket.fi\/en\/kohde\/ekum0641-skanneri-lehti-4-96-53u\/","title":{"rendered":"EKUM0641 Skanneri-lehti 4\/96 (53u)"},"content":{"rendered":"<p>Skanneri (my\u00f6s nimill\u00e4 Skanneri-radio, Skanneri radio, Skanneri Radio ja SkanneriRadio) oli vuodesta 1987 vuoteen 2003 ilmestynyt radiotekniikkaan keskittynyt harrastelehti. P\u00e4\u00e4asiallisena aihepiirin\u00e4 ilmestymisen ajan oli radioskannerilaitteet ja niiden k\u00e4ytt\u00f6, mutta juttujen aiheet kattoivat monipuolisesti radioteknist\u00e4 harrastusta aina radioamat\u00f6\u00f6ritoiminnasta piraattiradioihin, antennisuunnittelusta taajuustietoihin ja satelliittitelevisiol\u00e4hetysten salauksen purkamisesta tutkanpaljastimiin.<\/p><p>Varastosaldoon on laskettu uudet ja k\u00e4ytetyt lehdet. Uudet lehdet myyd\u00e4\u00e4n ensin.\u00a0<\/p><p>Lis\u00e4\u00e4 Skanneri-lehti\u00e4 https:\/\/www.radiomarket.fi\/page\/1\/?s=skanneri-lehti&amp;product_cat=0&amp;post_type=product<\/p>","protected":false},"excerpt":{"rendered":"<p>Loppuunmyydyksi merkittyjen lehtien yksitt\u00e4isist\u00e4 artikkeleista voi tilata kopioita tai skannauksia.<\/p>","protected":false},"featured_media":39615,"template":"","meta":[],"_links":{"self":[{"href":"https:\/\/www.radiomarket.fi\/en\/wp-json\/wp\/v2\/product\/39614"}],"collection":[{"href":"https:\/\/www.radiomarket.fi\/en\/wp-json\/wp\/v2\/product"}],"about":[{"href":"https:\/\/www.radiomarket.fi\/en\/wp-json\/wp\/v2\/types\/product"}],"wp:featuredmedia":[{"embeddable":true,"href":"https:\/\/www.radiomarket.fi\/en\/wp-json\/wp\/v2\/media\/39615"}],"wp:attachment":[{"href":"https:\/\/www.radiomarket.fi\/en\/wp-json\/wp\/v2\/media?parent=39614"}],"curies":[{"name":"wp","href":"https:\/\/api.w.org\/{rel}","templated":true}]}}