{"id":39645,"date":"2024-02-21T13:58:19","date_gmt":"2024-02-21T11:58:19","guid":{"rendered":"https:\/\/www.radiomarket.fi\/?post_type=product&#038;p=39645"},"modified":"2024-02-21T16:15:09","modified_gmt":"2024-02-21T14:15:09","slug":"ekum0522-nokia-9500-akkukotelon-kansi-vaalean-harmaa-kopio","status":"publish","type":"product","link":"https:\/\/www.radiomarket.fi\/en\/kohde\/ekum0522-nokia-9500-akkukotelon-kansi-vaalean-harmaa-kopio\/","title":{"rendered":"EKUM0522 Nokia 9300 \/ 9300i \/ 9500 akkukotelon kansi tumman harmaa"},"content":{"rendered":"<p>K\u00e4ytetty mutta ehyt, hyv\u00e4 maalipinta. Sopivuus malleihin 9300 ja 9300i varmistettu kokeilemalla. Lis\u00e4ksi kirjattu tieto, ett\u00e4 sopii malliin 9500. Katso my\u00f6s EKUM0523.<\/p>","protected":false},"excerpt":{"rendered":"<p>K\u00e4ytetty mutta ehyt, hyv\u00e4 maalipinta. Sopivuus malleihin 9300 ja 9300i varmistettu kokeilemalla. Lis\u00e4ksi kirjattu tieto, ett\u00e4 sopii malliin 9500. Katso my\u00f6s EKUM0523.<\/p>","protected":false},"featured_media":39644,"template":"","meta":[],"_links":{"self":[{"href":"https:\/\/www.radiomarket.fi\/en\/wp-json\/wp\/v2\/product\/39645"}],"collection":[{"href":"https:\/\/www.radiomarket.fi\/en\/wp-json\/wp\/v2\/product"}],"about":[{"href":"https:\/\/www.radiomarket.fi\/en\/wp-json\/wp\/v2\/types\/product"}],"wp:featuredmedia":[{"embeddable":true,"href":"https:\/\/www.radiomarket.fi\/en\/wp-json\/wp\/v2\/media\/39644"}],"wp:attachment":[{"href":"https:\/\/www.radiomarket.fi\/en\/wp-json\/wp\/v2\/media?parent=39645"}],"curies":[{"name":"wp","href":"https:\/\/api.w.org\/{rel}","templated":true}]}}