{"id":39670,"date":"2023-05-10T13:48:28","date_gmt":"2023-05-10T10:48:28","guid":{"rendered":"https:\/\/www.radiomarket.fi\/?post_type=product&#038;p=39670"},"modified":"2023-07-28T15:51:10","modified_gmt":"2023-07-28T12:51:10","slug":"ekum2289-puhelinkeskuslaite","status":"publish","type":"product","link":"https:\/\/www.radiomarket.fi\/en\/kohde\/ekum2289-puhelinkeskuslaite\/","title":{"rendered":"EKUM2289 Puhelinkeskuslaite"},"content":{"rendered":"<p>Kangasjohdon toisessa p\u00e4\u00e4ss\u00e4 puhelinkeskusjohdon pistoke.<br \/><br \/><br \/><\/p>","protected":false},"excerpt":{"rendered":"<p>Kangasjohdon toisessa p\u00e4\u00e4ss\u00e4 puhelinkeskusjohdon pistoke.<\/p>","protected":false},"featured_media":39671,"template":"","meta":[],"_links":{"self":[{"href":"https:\/\/www.radiomarket.fi\/en\/wp-json\/wp\/v2\/product\/39670"}],"collection":[{"href":"https:\/\/www.radiomarket.fi\/en\/wp-json\/wp\/v2\/product"}],"about":[{"href":"https:\/\/www.radiomarket.fi\/en\/wp-json\/wp\/v2\/types\/product"}],"wp:featuredmedia":[{"embeddable":true,"href":"https:\/\/www.radiomarket.fi\/en\/wp-json\/wp\/v2\/media\/39671"}],"wp:attachment":[{"href":"https:\/\/www.radiomarket.fi\/en\/wp-json\/wp\/v2\/media?parent=39670"}],"curies":[{"name":"wp","href":"https:\/\/api.w.org\/{rel}","templated":true}]}}