{"id":39672,"date":"2023-05-10T13:52:11","date_gmt":"2023-05-10T10:52:11","guid":{"rendered":"https:\/\/www.radiomarket.fi\/?post_type=product&#038;p=39672"},"modified":"2023-07-28T15:49:01","modified_gmt":"2023-07-28T12:49:01","slug":"ekum2290-isolavi-hb-isolationsmesser","status":"publish","type":"product","link":"https:\/\/www.radiomarket.fi\/en\/kohde\/ekum2290-isolavi-hb-isolationsmesser\/","title":{"rendered":"EKUM2290 Isolavi H&amp;B Isolationsmesser"},"content":{"rendered":"<p>Kotelon kannen p\u00e4\u00e4dyss\u00e4 lommo. Hihnassa kulumaa mutta ei katkennut.<br \/><br \/><br \/><\/p>","protected":false},"excerpt":{"rendered":"<p>Kotelon kannen p\u00e4\u00e4dyss\u00e4 lommo. Hihnassa kulumaa mutta ei katkennut.<\/p>","protected":false},"featured_media":39673,"template":"","meta":[],"_links":{"self":[{"href":"https:\/\/www.radiomarket.fi\/en\/wp-json\/wp\/v2\/product\/39672"}],"collection":[{"href":"https:\/\/www.radiomarket.fi\/en\/wp-json\/wp\/v2\/product"}],"about":[{"href":"https:\/\/www.radiomarket.fi\/en\/wp-json\/wp\/v2\/types\/product"}],"wp:featuredmedia":[{"embeddable":true,"href":"https:\/\/www.radiomarket.fi\/en\/wp-json\/wp\/v2\/media\/39673"}],"wp:attachment":[{"href":"https:\/\/www.radiomarket.fi\/en\/wp-json\/wp\/v2\/media?parent=39672"}],"curies":[{"name":"wp","href":"https:\/\/api.w.org\/{rel}","templated":true}]}}