{"id":39687,"date":"2023-11-01T01:37:24","date_gmt":"2023-10-31T23:37:24","guid":{"rendered":"https:\/\/www.radiomarket.fi\/?post_type=product&#038;p=39687"},"modified":"2024-10-04T09:06:06","modified_gmt":"2024-10-04T06:06:06","slug":"ekum2294-puhelinkeskuksen-testipalli","status":"publish","type":"product","link":"https:\/\/www.radiomarket.fi\/en\/kohde\/ekum2294-puhelinkeskuksen-testipalli\/","title":{"rendered":"EKUM2294 puhelinkeskuksen testipalli LM Ericsson LTR01032\/1 purettu"},"content":{"rendered":"<p>Osat purettu irti kotelosta ja yhdistetty tuotteeseen<\/p><h1 class=\"product_title entry-title\">EKUM2264<\/h1><p>Katso t\u00e4\u00e4lt\u00e4 lis\u00e4\u00e4: https:\/\/www.radiomarket.fi\/kohde\/ekum2264-puhelinkeskuksen-testipalli\/<\/p><p>Kannen osia:<\/p><h1 class=\"product_title entry-title\">EKUM0745 Ericsson puhelinkeskuksen merkint\u00e4helat<\/h1>","protected":false},"excerpt":{"rendered":"<p>Osat purettu irti kotelosta ja yhdistetty tuotteeseenEKUM2264Katso t\u00e4\u00e4lt\u00e4 lis\u00e4\u00e4: https:\/\/www.radiomarket.fi\/kohde\/ekum2264-puhelinkeskuksen-testipalli\/Kannen osia:EKUM0745 Ericsson puhelinkeskuksen merkint\u00e4helat<\/p>","protected":false},"featured_media":39690,"template":"","meta":[],"_links":{"self":[{"href":"https:\/\/www.radiomarket.fi\/en\/wp-json\/wp\/v2\/product\/39687"}],"collection":[{"href":"https:\/\/www.radiomarket.fi\/en\/wp-json\/wp\/v2\/product"}],"about":[{"href":"https:\/\/www.radiomarket.fi\/en\/wp-json\/wp\/v2\/types\/product"}],"wp:featuredmedia":[{"embeddable":true,"href":"https:\/\/www.radiomarket.fi\/en\/wp-json\/wp\/v2\/media\/39690"}],"wp:attachment":[{"href":"https:\/\/www.radiomarket.fi\/en\/wp-json\/wp\/v2\/media?parent=39687"}],"curies":[{"name":"wp","href":"https:\/\/api.w.org\/{rel}","templated":true}]}}