{"id":39728,"date":"2023-05-11T15:28:16","date_gmt":"2023-05-11T12:28:16","guid":{"rendered":"https:\/\/www.radiomarket.fi\/?post_type=product&#038;p=39728"},"modified":"2023-05-11T15:38:50","modified_gmt":"2023-05-11T12:38:50","slug":"ekum0039-celeston-cadet-soiva-toimiva-patinoitunut-noutohintaan-80e","status":"publish","type":"product","link":"https:\/\/www.radiomarket.fi\/en\/kohde\/ekum0039-celeston-cadet-soiva-toimiva-patinoitunut-noutohintaan-80e\/","title":{"rendered":"EKUM0039 Celeston Cadet soiva, toimiva, patinoitunut, noutohintaan 80\u20ac."},"content":{"rendered":"<p>Testattu 5\/2023 ULA:n osalta. Asemia kuuluu v\u00e4lilt\u00e4 87,5 MHz-100,1MHz.<br \/><br \/>Sis\u00e4puolelta siistin oloinen, kaiutinelementtien sokeripalaliit\u00e4nn\u00f6ist\u00e4 p\u00e4\u00e4tellen tehty jotain huoltoa joskus.<br \/>\u00c4\u00e4nenvoimakkuuspotikassa pient\u00e4 rohinaa.<br \/>Kankaassa lanka purkautunut ja tahra.<br \/>Kotelosta edest\u00e4 viilua puuttuu p\u00e4tk\u00e4. Logo puuttuu alareunasta.<br \/>P\u00e4\u00e4tykaiutinritil\u00e4t ehj\u00e4t.<br \/>N\u00e4k\u00f6viritysputki EM80 ei reagoi mutta ei haittaa kuuntelua.<br \/>\u00c4\u00e4ness\u00e4 havaittavissa jonkin verran bassoisuutta (tummuutta).<br \/>Asteikkovalo syttyy.<br \/>Takalevyss\u00e4 yht\u00e4 reik\u00e4\u00e4 suurennettu.<br \/><br \/>Ei tutkittu tarkemmin.<\/p>","protected":false},"excerpt":{"rendered":"<p>Suosittelemme putkiradioille s\u00e4rkyv\u00e4-lis\u00e4palvelua (ostettavissa erikseen tuotteena)<\/p>","protected":false},"featured_media":39732,"template":"","meta":[],"_links":{"self":[{"href":"https:\/\/www.radiomarket.fi\/en\/wp-json\/wp\/v2\/product\/39728"}],"collection":[{"href":"https:\/\/www.radiomarket.fi\/en\/wp-json\/wp\/v2\/product"}],"about":[{"href":"https:\/\/www.radiomarket.fi\/en\/wp-json\/wp\/v2\/types\/product"}],"wp:featuredmedia":[{"embeddable":true,"href":"https:\/\/www.radiomarket.fi\/en\/wp-json\/wp\/v2\/media\/39732"}],"wp:attachment":[{"href":"https:\/\/www.radiomarket.fi\/en\/wp-json\/wp\/v2\/media?parent=39728"}],"curies":[{"name":"wp","href":"https:\/\/api.w.org\/{rel}","templated":true}]}}