{"id":39800,"date":"2023-07-22T06:34:46","date_gmt":"2023-07-22T03:34:46","guid":{"rendered":"https:\/\/www.radiomarket.fi\/?post_type=product&#038;p=39800"},"modified":"2023-09-16T17:00:30","modified_gmt":"2023-09-16T14:00:30","slug":"ekum2600-kajaani","status":"publish","type":"product","link":"https:\/\/www.radiomarket.fi\/en\/kohde\/ekum2600-kajaani\/","title":{"rendered":"EKUM2614 Kajaani KYSY TARJOUS!"},"content":{"rendered":"<p>Kokonainen, kaikki osat on, mutta purettu osiin kuljetusta varten. Kuljetukseen tarvitaan reilunkokoinen pakettiauto. Tuotekuvien p\u00e4\u00e4kuva ei ole myyt\u00e4v\u00e4st\u00e4 tuotteesta (kuva vastaavasta Kymenlaakson radion k\u00e4yt\u00f6ss\u00e4 olleesta p\u00f6yd\u00e4st\u00e4), mutta se havainnollistaa millaisesta tuotteesta on kyse.<br \/><br \/>Tiedustele osienostomahdollisuutta.<\/p>","protected":false},"excerpt":{"rendered":"<p>Kokonainen, kaikki osat on, mutta purettu osiin kuljetusta varten. Kuljetukseen tarvitaan reilunkokoinen pakettiauto. Tuotekuvien p\u00e4\u00e4kuva ei ole myyt\u00e4v\u00e4st\u00e4 tuotteesta (kuva vastaavasta Kymenlaakson radion k\u00e4yt\u00f6ss\u00e4 olleesta p\u00f6yd\u00e4st\u00e4), mutta se havainnollistaa millaisesta tuotteesta on kyse.Tiedustele osienostomahdollisuutta.<\/p>","protected":false},"featured_media":39803,"template":"","meta":[],"_links":{"self":[{"href":"https:\/\/www.radiomarket.fi\/en\/wp-json\/wp\/v2\/product\/39800"}],"collection":[{"href":"https:\/\/www.radiomarket.fi\/en\/wp-json\/wp\/v2\/product"}],"about":[{"href":"https:\/\/www.radiomarket.fi\/en\/wp-json\/wp\/v2\/types\/product"}],"wp:featuredmedia":[{"embeddable":true,"href":"https:\/\/www.radiomarket.fi\/en\/wp-json\/wp\/v2\/media\/39803"}],"wp:attachment":[{"href":"https:\/\/www.radiomarket.fi\/en\/wp-json\/wp\/v2\/media?parent=39800"}],"curies":[{"name":"wp","href":"https:\/\/api.w.org\/{rel}","templated":true}]}}