{"id":39813,"date":"2023-05-18T18:18:41","date_gmt":"2023-05-18T15:18:41","guid":{"rendered":"https:\/\/www.radiomarket.fi\/?post_type=product&#038;p=39813"},"modified":"2023-05-19T10:21:32","modified_gmt":"2023-05-19T07:21:32","slug":"ekub0461-apple-seinalaturin-eurosovite","status":"publish","type":"product","link":"https:\/\/www.radiomarket.fi\/en\/kohde\/ekub0461-apple-seinalaturin-eurosovite\/","title":{"rendered":"EKUB0461 Apple sein\u00e4laturin eurosovite"},"content":{"rendered":"K\u00e4ytetty Apple-sein\u00e4laturin europistoke.\r\n\r\n#i-pod","protected":false},"excerpt":{"rendered":"<p>Kirjetoimitustuotteita kannattaa tilata useampi kerralla, lis\u00e4tuote nostaa postikulun osuutta vain muutamalla sentill\u00e4.<\/p>","protected":false},"featured_media":39815,"template":"","meta":[],"_links":{"self":[{"href":"https:\/\/www.radiomarket.fi\/en\/wp-json\/wp\/v2\/product\/39813"}],"collection":[{"href":"https:\/\/www.radiomarket.fi\/en\/wp-json\/wp\/v2\/product"}],"about":[{"href":"https:\/\/www.radiomarket.fi\/en\/wp-json\/wp\/v2\/types\/product"}],"wp:featuredmedia":[{"embeddable":true,"href":"https:\/\/www.radiomarket.fi\/en\/wp-json\/wp\/v2\/media\/39815"}],"wp:attachment":[{"href":"https:\/\/www.radiomarket.fi\/en\/wp-json\/wp\/v2\/media?parent=39813"}],"curies":[{"name":"wp","href":"https:\/\/api.w.org\/{rel}","templated":true}]}}