{"id":39828,"date":"2023-05-18T18:52:36","date_gmt":"2023-05-18T15:52:36","guid":{"rendered":"https:\/\/www.radiomarket.fi\/?post_type=product&#038;p=39828"},"modified":"2023-07-21T12:38:42","modified_gmt":"2023-07-21T09:38:42","slug":"ekum0526-citroen-xantia-omistajan-kasikirja","status":"publish","type":"product","link":"https:\/\/www.radiomarket.fi\/en\/kohde\/ekum0526-citroen-xantia-omistajan-kasikirja\/","title":{"rendered":"EKUM0526 Citroen Xantia omistajan k\u00e4sikirja"},"content":{"rendered":"<p>Kirjan viimeinen sivu on 136 eli osa kirjasta puuttu, kuitenkin esim. sulakkeet l\u00f6ytyv\u00e4t t\u00e4st\u00e4 osasta. Katso tarkemmin kuvista sis\u00e4llysluettelo. Hieno v\u00e4ritetty piirroskuvitus.<\/p>","protected":false},"excerpt":{"rendered":"<p>Kirjetoimitustuotteita kannattaa tilata useampi kerralla, lis\u00e4tuote nostaa postikulun osuutta vain muutamalla sentill\u00e4.<\/p>","protected":false},"featured_media":39824,"template":"","meta":[],"_links":{"self":[{"href":"https:\/\/www.radiomarket.fi\/en\/wp-json\/wp\/v2\/product\/39828"}],"collection":[{"href":"https:\/\/www.radiomarket.fi\/en\/wp-json\/wp\/v2\/product"}],"about":[{"href":"https:\/\/www.radiomarket.fi\/en\/wp-json\/wp\/v2\/types\/product"}],"wp:featuredmedia":[{"embeddable":true,"href":"https:\/\/www.radiomarket.fi\/en\/wp-json\/wp\/v2\/media\/39824"}],"wp:attachment":[{"href":"https:\/\/www.radiomarket.fi\/en\/wp-json\/wp\/v2\/media?parent=39828"}],"curies":[{"name":"wp","href":"https:\/\/api.w.org\/{rel}","templated":true}]}}