{"id":39917,"date":"2023-05-26T16:37:47","date_gmt":"2023-05-26T13:37:47","guid":{"rendered":"https:\/\/www.radiomarket.fi\/?post_type=product&#038;p=39917"},"modified":"2024-02-15T14:31:18","modified_gmt":"2024-02-15T12:31:18","slug":"ekum2501-baze-dvd5500-dvd-soitin","status":"publish","type":"product","link":"https:\/\/www.radiomarket.fi\/en\/kohde\/ekum2501-baze-dvd5500-dvd-soitin\/","title":{"rendered":"EKUM2501 Baze DVD5500 dvd soitin"},"content":{"rendered":"<p>Testattu 5\/2023. Virrat tulee, levyasema avautuu ja sulkeutuu. Ei testattu tarkemmin. Kaukos\u00e4\u00e4din tulee mukaan, mutta sit\u00e4 ei ole testattu.<\/p>","protected":false},"excerpt":{"rendered":"<p>Testattu 5\/2023. Virrat tulee, levyasema avautuu ja sulkeutuu. Ei testattu tarkemmin. Kaukos\u00e4\u00e4din tulee mukaan, mutta sit\u00e4 ei ole testattu.<\/p>","protected":false},"featured_media":39919,"template":"","meta":[],"_links":{"self":[{"href":"https:\/\/www.radiomarket.fi\/en\/wp-json\/wp\/v2\/product\/39917"}],"collection":[{"href":"https:\/\/www.radiomarket.fi\/en\/wp-json\/wp\/v2\/product"}],"about":[{"href":"https:\/\/www.radiomarket.fi\/en\/wp-json\/wp\/v2\/types\/product"}],"wp:featuredmedia":[{"embeddable":true,"href":"https:\/\/www.radiomarket.fi\/en\/wp-json\/wp\/v2\/media\/39919"}],"wp:attachment":[{"href":"https:\/\/www.radiomarket.fi\/en\/wp-json\/wp\/v2\/media?parent=39917"}],"curies":[{"name":"wp","href":"https:\/\/api.w.org\/{rel}","templated":true}]}}