{"id":39934,"date":"2023-06-30T20:46:12","date_gmt":"2023-06-30T17:46:12","guid":{"rendered":"https:\/\/www.radiomarket.fi\/?post_type=product&#038;p=39934"},"modified":"2024-01-16T13:35:58","modified_gmt":"2024-01-16T11:35:58","slug":"ekus1011-asa-751-maestro-751","status":"publish","type":"product","link":"https:\/\/www.radiomarket.fi\/en\/kohde\/ekus1011-asa-751-maestro-751\/","title":{"rendered":"EKUS1011 Asa 751 \/ Maestro 751 koneisto"},"content":{"rendered":"<p>Koneisto painonappeineen, ei putkia. Painonapeista 4 kpl poistettu kuvan ottamisen j\u00e4lkeen. T\u00e4h\u00e4n sopivaa painonappia l\u00f6ytyy tuotekoodilla EKUA1311.<\/p>","protected":false},"excerpt":{"rendered":"<p>Koneisto painonappeineen, ei putkia. Painonapeista 4 kpl poistettu kuvan ottamisen j\u00e4lkeen. T\u00e4h\u00e4n sopivaa painonappia l\u00f6ytyy tuotekoodilla EKUA1311.<\/p>","protected":false},"featured_media":40369,"template":"","meta":[],"_links":{"self":[{"href":"https:\/\/www.radiomarket.fi\/en\/wp-json\/wp\/v2\/product\/39934"}],"collection":[{"href":"https:\/\/www.radiomarket.fi\/en\/wp-json\/wp\/v2\/product"}],"about":[{"href":"https:\/\/www.radiomarket.fi\/en\/wp-json\/wp\/v2\/types\/product"}],"wp:featuredmedia":[{"embeddable":true,"href":"https:\/\/www.radiomarket.fi\/en\/wp-json\/wp\/v2\/media\/40369"}],"wp:attachment":[{"href":"https:\/\/www.radiomarket.fi\/en\/wp-json\/wp\/v2\/media?parent=39934"}],"curies":[{"name":"wp","href":"https:\/\/api.w.org\/{rel}","templated":true}]}}