{"id":39939,"date":"2023-07-01T16:05:04","date_gmt":"2023-07-01T13:05:04","guid":{"rendered":"https:\/\/www.radiomarket.fi\/?post_type=product&#038;p=39939"},"modified":"2026-01-05T23:44:16","modified_gmt":"2026-01-05T21:44:16","slug":"ekus1016-tandberg-tcr-522-classroom-recorder","status":"publish","type":"product","link":"https:\/\/www.radiomarket.fi\/en\/kohde\/ekus1016-tandberg-tcr-522-classroom-recorder\/","title":{"rendered":"EKUS1016 Tandberg TCR 522 Classroom Recorder"},"content":{"rendered":"<p>Kasettiluukku ei pysy kiinni. Virta tulee, l\u00e4htee heti kelaamaan itsest\u00e4\u00e4n. Painon\u00e4pp\u00e4imet eiv\u00e4t aina reagoi, ainakaan kelauksen ollessa p\u00e4\u00e4ll\u00e4.<br \/><br \/>Kolme moottoria. Erilliset moottorit eteenp\u00e4in kelaukselle, taaksep\u00e4in kelaukselle ja toistolle.<\/p><p>Ei tutkittu tarkemmin.<\/p>","protected":false},"excerpt":{"rendered":"<p>Kasettiluukku ei pysy kiinni. Virta tulee, l\u00e4htee heti kelaamaan itsest\u00e4\u00e4n. Painon\u00e4pp\u00e4imet eiv\u00e4t aina reagoi, ainakaan kelauksen ollessa p\u00e4\u00e4ll\u00e4.Kolme moottoria. Erilliset moottorit eteenp\u00e4in kelaukselle, taaksep\u00e4in kelaukselle ja toistolle.Ei tutkittu tarkemmin.<\/p>","protected":false},"featured_media":40379,"template":"","meta":[],"_links":{"self":[{"href":"https:\/\/www.radiomarket.fi\/en\/wp-json\/wp\/v2\/product\/39939"}],"collection":[{"href":"https:\/\/www.radiomarket.fi\/en\/wp-json\/wp\/v2\/product"}],"about":[{"href":"https:\/\/www.radiomarket.fi\/en\/wp-json\/wp\/v2\/types\/product"}],"wp:featuredmedia":[{"embeddable":true,"href":"https:\/\/www.radiomarket.fi\/en\/wp-json\/wp\/v2\/media\/40379"}],"wp:attachment":[{"href":"https:\/\/www.radiomarket.fi\/en\/wp-json\/wp\/v2\/media?parent=39939"}],"curies":[{"name":"wp","href":"https:\/\/api.w.org\/{rel}","templated":true}]}}