{"id":39943,"date":"2023-07-01T16:22:32","date_gmt":"2023-07-01T13:22:32","guid":{"rendered":"https:\/\/www.radiomarket.fi\/?post_type=product&#038;p=39943"},"modified":"2024-11-21T13:11:01","modified_gmt":"2024-11-21T11:11:01","slug":"ekus1017-trixi-2000-n","status":"publish","type":"product","link":"https:\/\/www.radiomarket.fi\/en\/kohde\/ekus1017-trixi-2000-n\/","title":{"rendered":"EKUS1017 Trixi 2000 N"},"content":{"rendered":"<p>Nupit puuttuu. Kotelossa ja muovissa p\u00e4\u00e4ll\u00e4 lohkeamaa. Ei kahvaa. Painonappimekanismi tuntuu toimivalta. Paristokotelon kansi myyty kuvien oton j\u00e4lkeen varaosaksi.<\/p><p>Ei tutkittu tarkemmin. Arvioitujen varaosien hinnalla.<\/p>","protected":false},"excerpt":{"rendered":"<p>Nupit puuttuu. Kotelossa ja muovissa p\u00e4\u00e4ll\u00e4 lohkeamaa. Ei kahvaa. Painonappimekanismi tuntuu toimivalta. Paristokotelon kansi myyty kuvien oton j\u00e4lkeen varaosaksi.Ei tutkittu tarkemmin. Arvioitujen varaosien hinnalla.<\/p>","protected":false},"featured_media":40392,"template":"","meta":[],"_links":{"self":[{"href":"https:\/\/www.radiomarket.fi\/en\/wp-json\/wp\/v2\/product\/39943"}],"collection":[{"href":"https:\/\/www.radiomarket.fi\/en\/wp-json\/wp\/v2\/product"}],"about":[{"href":"https:\/\/www.radiomarket.fi\/en\/wp-json\/wp\/v2\/types\/product"}],"wp:featuredmedia":[{"embeddable":true,"href":"https:\/\/www.radiomarket.fi\/en\/wp-json\/wp\/v2\/media\/40392"}],"wp:attachment":[{"href":"https:\/\/www.radiomarket.fi\/en\/wp-json\/wp\/v2\/media?parent=39943"}],"curies":[{"name":"wp","href":"https:\/\/api.w.org\/{rel}","templated":true}]}}