{"id":39944,"date":"2023-07-10T21:29:13","date_gmt":"2023-07-10T18:29:13","guid":{"rendered":"https:\/\/www.radiomarket.fi\/?post_type=product&#038;p=39944"},"modified":"2023-07-10T21:07:22","modified_gmt":"2023-07-10T18:07:22","slug":"ekus1018-jvc-rc-x220","status":"publish","type":"product","link":"https:\/\/www.radiomarket.fi\/en\/kohde\/ekus1018-jvc-rc-x220\/","title":{"rendered":"EKUS1018 JVC RC-X220"},"content":{"rendered":"<p>BASS-nuppi puuttuu. Kotelossa p\u00e4\u00e4ll\u00e4 naarmuja. Painonappimekanismi tuntuu toimivalta.<\/p><p>Ei tutkittu tarkemmin. Arvioitujen varaosien hinnalla.<\/p>","protected":false},"excerpt":{"rendered":"<p>BASS-nuppi puuttuu. Kotelossa p\u00e4\u00e4ll\u00e4 naarmuja. Painonappimekanismi tuntuu toimivalta.Ei tutkittu tarkemmin. Arvioitujen varaosien hinnalla.<\/p>","protected":false},"featured_media":40445,"template":"","meta":[],"_links":{"self":[{"href":"https:\/\/www.radiomarket.fi\/en\/wp-json\/wp\/v2\/product\/39944"}],"collection":[{"href":"https:\/\/www.radiomarket.fi\/en\/wp-json\/wp\/v2\/product"}],"about":[{"href":"https:\/\/www.radiomarket.fi\/en\/wp-json\/wp\/v2\/types\/product"}],"wp:featuredmedia":[{"embeddable":true,"href":"https:\/\/www.radiomarket.fi\/en\/wp-json\/wp\/v2\/media\/40445"}],"wp:attachment":[{"href":"https:\/\/www.radiomarket.fi\/en\/wp-json\/wp\/v2\/media?parent=39944"}],"curies":[{"name":"wp","href":"https:\/\/api.w.org\/{rel}","templated":true}]}}