{"id":39958,"date":"2025-02-06T07:44:06","date_gmt":"2025-02-06T05:44:06","guid":{"rendered":"https:\/\/www.radiomarket.fi\/?post_type=product&#038;p=39958"},"modified":"2025-02-06T17:43:03","modified_gmt":"2025-02-06T15:43:03","slug":"ekus1028-philips-b4sf84a","status":"publish","type":"product","link":"https:\/\/www.radiomarket.fi\/en\/kohde\/ekus1028-philips-b4sf84a\/","title":{"rendered":"EKUS1028 Philips B4SF84A puretaan"},"content":{"rendered":"<p>Takalevy puuttuu. S\u00e4vyns\u00e4\u00e4t\u00f6n\u00e4pp\u00e4imet puuttuu. Ei putkia. Pohjalevy puuttuu. AD3700M p\u00e4\u00e4tykaiutinelementiss\u00e4 reik\u00e4. AD3700X mekaanisesti ehj\u00e4. P\u00e4\u00e4tykaiutinritil\u00e4t puuttuvat. Jalat ja alle kuuluva lehtihylly puuttuvat.<br \/><br \/>Asteikkolasi purettu kuvien oton j\u00e4lkeen varaosaksi.<br \/>Ulommat nupit purettu kuvien oton j\u00e4lkeen varaosaksi.<br \/><br \/>Koristelistat tallella, alalistassa j\u00e4lke\u00e4, muut hyv\u00e4t.\u00a0<br \/><br \/>Kelapurkissa koodi: 843758, muiden purkkien koodeja ei ole tarkistettu. S\u00e4vyns\u00e4\u00e4t\u00f6mekanismi tallella (vain sen painikkeet puuttuvat).<br \/><br \/>Ei tutkittu tarkemmin. Tuotteen hinta osien arvioitu yhteishinta.<\/p>","protected":false},"excerpt":{"rendered":"<p>Takalevy puuttuu. S\u00e4vyns\u00e4\u00e4t\u00f6n\u00e4pp\u00e4imet puuttuu. Ei putkia. Pohjalevy puuttuu. AD3700M p\u00e4\u00e4tykaiutinelementiss\u00e4 reik\u00e4. AD3700X mekaanisesti ehj\u00e4. P\u00e4\u00e4tykaiutinritil\u00e4t puuttuvat. Jalat ja alle kuuluva lehtihylly puuttuvat.Asteikkolasi purettu kuvien oton j\u00e4lkeen varaosaksi.Ulommat nupit purettu kuvien oton j\u00e4lkeen varaosaksi.Koristelistat tallella, alalistassa j\u00e4lke\u00e4, muut hyv\u00e4t.\u00a0Kelapurkissa koodi: 843758, muiden purkkien koodeja ei ole tarkistettu. S\u00e4vyns\u00e4\u00e4t\u00f6mekanismi tallella (vain sen painikkeet puuttuvat).Ei tutkittu tarkemmin. Tuotteen &hellip;<\/p>\n<p class=\"read-more\"> <a class=\"thunk-readmore button\" href=\"https:\/\/www.radiomarket.fi\/en\/kohde\/ekus1028-philips-b4sf84a\/\"> <span class=\"screen-reader-text\">EKUS1028 Philips B4SF84A puretaan<\/span>Read More<\/a><\/p>","protected":false},"featured_media":40202,"template":"","meta":[],"_links":{"self":[{"href":"https:\/\/www.radiomarket.fi\/en\/wp-json\/wp\/v2\/product\/39958"}],"collection":[{"href":"https:\/\/www.radiomarket.fi\/en\/wp-json\/wp\/v2\/product"}],"about":[{"href":"https:\/\/www.radiomarket.fi\/en\/wp-json\/wp\/v2\/types\/product"}],"wp:featuredmedia":[{"embeddable":true,"href":"https:\/\/www.radiomarket.fi\/en\/wp-json\/wp\/v2\/media\/40202"}],"wp:attachment":[{"href":"https:\/\/www.radiomarket.fi\/en\/wp-json\/wp\/v2\/media?parent=39958"}],"curies":[{"name":"wp","href":"https:\/\/api.w.org\/{rel}","templated":true}]}}