{"id":39964,"date":"2023-06-14T10:22:09","date_gmt":"2023-06-14T07:22:09","guid":{"rendered":"https:\/\/www.radiomarket.fi\/?post_type=product&#038;p=39964"},"modified":"2023-07-13T10:30:07","modified_gmt":"2023-07-13T07:30:07","slug":"ekus1033-fenno","status":"publish","type":"product","link":"https:\/\/www.radiomarket.fi\/en\/kohde\/ekus1033-fenno\/","title":{"rendered":"EKUS1033 Fenno"},"content":{"rendered":"<p>Muuntaja kahdella EZ80-putkella. Toinen p\u00e4\u00e4teputki puuttuu, ECC85 puuttuu, takakansi puuttuu, n\u00e4k\u00f6viritysputki puuttuu. Asteikkolasi puuttuu. Kova\u00e4\u00e4niskangas rispaantunut. Kotelon viiluja puuttuu. Huolto j\u00e4\u00e4nyt kesken, koneisto joskus irrotettu kaiutinjohdoista p\u00e4\u00e4tellen.<br \/>Ei tutkittu tarkemmin. Tuotteen hinta osien arvioitu yhteishinta.<\/p>","protected":false},"excerpt":{"rendered":"<p>Muuntaja kahdella EZ80-putkella. Toinen p\u00e4\u00e4teputki puuttuu, ECC85 puuttuu, takakansi puuttuu, n\u00e4k\u00f6viritysputki puuttuu. Asteikkolasi puuttuu. Kova\u00e4\u00e4niskangas rispaantunut. Kotelon viiluja puuttuu. Huolto j\u00e4\u00e4nyt kesken, koneisto joskus irrotettu kaiutinjohdoista p\u00e4\u00e4tellen.Ei tutkittu tarkemmin. Tuotteen hinta osien arvioitu yhteishinta.<\/p>","protected":false},"featured_media":40173,"template":"","meta":[],"_links":{"self":[{"href":"https:\/\/www.radiomarket.fi\/en\/wp-json\/wp\/v2\/product\/39964"}],"collection":[{"href":"https:\/\/www.radiomarket.fi\/en\/wp-json\/wp\/v2\/product"}],"about":[{"href":"https:\/\/www.radiomarket.fi\/en\/wp-json\/wp\/v2\/types\/product"}],"wp:featuredmedia":[{"embeddable":true,"href":"https:\/\/www.radiomarket.fi\/en\/wp-json\/wp\/v2\/media\/40173"}],"wp:attachment":[{"href":"https:\/\/www.radiomarket.fi\/en\/wp-json\/wp\/v2\/media?parent=39964"}],"curies":[{"name":"wp","href":"https:\/\/api.w.org\/{rel}","templated":true}]}}