{"id":39974,"date":"2024-05-03T12:34:56","date_gmt":"2024-05-03T09:34:56","guid":{"rendered":"https:\/\/www.radiomarket.fi\/?post_type=product&#038;p=39974"},"modified":"2024-05-03T13:25:20","modified_gmt":"2024-05-03T10:25:20","slug":"ekus1042-asa-1101q","status":"publish","type":"product","link":"https:\/\/www.radiomarket.fi\/en\/kohde\/ekus1042-asa-1101q\/","title":{"rendered":"EKUS1042 ASA 1101Q"},"content":{"rendered":"<p>Ei n\u00e4kyvi\u00e4 puutteita.<br \/>Ei tutkittu tarkemmin. Myyd\u00e4\u00e4n mieluiten kokonaisuutena. Testatulle tuotteelle hinta m\u00e4\u00e4ritell\u00e4\u00e4n kunnon mukaan.<\/p>","protected":false},"excerpt":{"rendered":"<p>Suosittelemme putkiradioille ja yhdistelm\u00e4laitteille s\u00e4rkyv\u00e4-lis\u00e4palvelua (ostettavissa erikseen tuotteena).<\/p>","protected":false},"featured_media":40109,"template":"","meta":[],"_links":{"self":[{"href":"https:\/\/www.radiomarket.fi\/en\/wp-json\/wp\/v2\/product\/39974"}],"collection":[{"href":"https:\/\/www.radiomarket.fi\/en\/wp-json\/wp\/v2\/product"}],"about":[{"href":"https:\/\/www.radiomarket.fi\/en\/wp-json\/wp\/v2\/types\/product"}],"wp:featuredmedia":[{"embeddable":true,"href":"https:\/\/www.radiomarket.fi\/en\/wp-json\/wp\/v2\/media\/40109"}],"wp:attachment":[{"href":"https:\/\/www.radiomarket.fi\/en\/wp-json\/wp\/v2\/media?parent=39974"}],"curies":[{"name":"wp","href":"https:\/\/api.w.org\/{rel}","templated":true}]}}