{"id":40088,"date":"2023-06-03T13:27:27","date_gmt":"2023-06-03T10:27:27","guid":{"rendered":"https:\/\/www.radiomarket.fi\/?post_type=product&#038;p=40088"},"modified":"2023-06-03T13:31:07","modified_gmt":"2023-06-03T10:31:07","slug":"ekum2613-sony-cfs-45l-radiokasettinauhuri","status":"publish","type":"product","link":"https:\/\/www.radiomarket.fi\/en\/kohde\/ekum2613-sony-cfs-45l-radiokasettinauhuri\/","title":{"rendered":"EKUM2613 Sony CFS-45L radiokasettinauhuri"},"content":{"rendered":"<p>Antenni poikki ja v\u00e4\u00e4ntynyt, sis\u00e4ll\u00e4 jotain rapisevaa (mahdollisesti hiekkaa), ei kasettiluukkua, ei paristokotelon luukkua, edess\u00e4 naarmuja yms. Antennin vastapidike poikki. Nuppien ym varaosien hinnalla tarvitsevalle.<br \/><br \/>Ei tutkittu tarkemmin.<\/p>","protected":false},"excerpt":{"rendered":"<p>Antenni poikki ja v\u00e4\u00e4ntynyt, sis\u00e4ll\u00e4 jotain rapisevaa (mahdollisesti hiekkaa), ei kasettiluukkua, ei paristokotelon luukkua, edess\u00e4 naarmuja yms. Antennin vastapidike poikki. Nuppien ym varaosien hinnalla tarvitsevalle.Ei tutkittu tarkemmin.<\/p>","protected":false},"featured_media":40090,"template":"","meta":[],"_links":{"self":[{"href":"https:\/\/www.radiomarket.fi\/en\/wp-json\/wp\/v2\/product\/40088"}],"collection":[{"href":"https:\/\/www.radiomarket.fi\/en\/wp-json\/wp\/v2\/product"}],"about":[{"href":"https:\/\/www.radiomarket.fi\/en\/wp-json\/wp\/v2\/types\/product"}],"wp:featuredmedia":[{"embeddable":true,"href":"https:\/\/www.radiomarket.fi\/en\/wp-json\/wp\/v2\/media\/40090"}],"wp:attachment":[{"href":"https:\/\/www.radiomarket.fi\/en\/wp-json\/wp\/v2\/media?parent=40088"}],"curies":[{"name":"wp","href":"https:\/\/api.w.org\/{rel}","templated":true}]}}