{"id":40216,"date":"2023-06-18T21:43:19","date_gmt":"2023-06-18T18:43:19","guid":{"rendered":"https:\/\/www.radiomarket.fi\/?post_type=product&#038;p=40216"},"modified":"2023-09-12T09:12:23","modified_gmt":"2023-09-12T06:12:23","slug":"ekub0469-hank-prunckun-counter-intelligence-theory-and-practice","status":"publish","type":"product","link":"https:\/\/www.radiomarket.fi\/en\/kohde\/ekub0469-hank-prunckun-counter-intelligence-theory-and-practice\/","title":{"rendered":"EKUB0469 Hank Prunckun: Counter intelligence &#8211; theory and practice"},"content":{"rendered":"<p>Toinen painos, lukematon kirja. Vastavakoilu, teoria ja k\u00e4yt\u00e4nt\u00f6.<\/p>","protected":false},"excerpt":{"rendered":"<p>Kirjetoimitustuotteita kannattaa tilata useampi kerralla, lis\u00e4tuote nostaa postikulun osuutta vain muutamalla sentill\u00e4.<\/p>","protected":false},"featured_media":40218,"template":"","meta":[],"_links":{"self":[{"href":"https:\/\/www.radiomarket.fi\/en\/wp-json\/wp\/v2\/product\/40216"}],"collection":[{"href":"https:\/\/www.radiomarket.fi\/en\/wp-json\/wp\/v2\/product"}],"about":[{"href":"https:\/\/www.radiomarket.fi\/en\/wp-json\/wp\/v2\/types\/product"}],"wp:featuredmedia":[{"embeddable":true,"href":"https:\/\/www.radiomarket.fi\/en\/wp-json\/wp\/v2\/media\/40218"}],"wp:attachment":[{"href":"https:\/\/www.radiomarket.fi\/en\/wp-json\/wp\/v2\/media?parent=40216"}],"curies":[{"name":"wp","href":"https:\/\/api.w.org\/{rel}","templated":true}]}}