{"id":40232,"date":"2023-06-23T20:43:27","date_gmt":"2023-06-23T17:43:27","guid":{"rendered":"https:\/\/www.radiomarket.fi\/?post_type=product&#038;p=40232"},"modified":"2026-01-27T19:19:14","modified_gmt":"2026-01-27T17:19:14","slug":"ekub0470-mig-25-31-lentajan-aluskypara-headset","status":"publish","type":"product","link":"https:\/\/www.radiomarket.fi\/en\/kohde\/ekub0470-mig-25-31-lentajan-aluskypara-headset\/","title":{"rendered":"EKUB0470 Mig 25\/31 lent\u00e4j\u00e4n aluskyp\u00e4r\u00e4 headset"},"content":{"rendered":"Russian ZSH-6 LP High Altitude Helmet eli korkealla lent\u00e4misen (yli 70 000 jalkaa eli 21 km) painepuvun VKK-6M kyp\u00e4r\u00e4\u00e4n kuuluva aluskyp\u00e4r\u00e4 kuulokemikrofoneineen. Hyv\u00e4kuntoinen, ainut havaittu vika tiukkaan kuivunut oranssi tarranpala, joka ei kylm\u00e4n\u00e4 irtoa repim\u00e4tt\u00e4 pehmusteen pintaa (katso kuva).\r\n\r\nT\u00e4m\u00e4 on osa kylm\u00e4n sodan aikaista paineistettua h\u00e4vitt\u00e4j\u00e4lent\u00e4j\u00e4n kyp\u00e4r\u00e4mallia, joka on ollut k\u00e4yt\u00f6ss\u00e4 my\u00f6s kosmonauttien koulutuksessa.","protected":false},"excerpt":{"rendered":"<p>Kylm\u00e4n sodan High Altitude -varusteita.<\/p>","protected":false},"featured_media":40241,"template":"","meta":[],"_links":{"self":[{"href":"https:\/\/www.radiomarket.fi\/en\/wp-json\/wp\/v2\/product\/40232"}],"collection":[{"href":"https:\/\/www.radiomarket.fi\/en\/wp-json\/wp\/v2\/product"}],"about":[{"href":"https:\/\/www.radiomarket.fi\/en\/wp-json\/wp\/v2\/types\/product"}],"wp:featuredmedia":[{"embeddable":true,"href":"https:\/\/www.radiomarket.fi\/en\/wp-json\/wp\/v2\/media\/40241"}],"wp:attachment":[{"href":"https:\/\/www.radiomarket.fi\/en\/wp-json\/wp\/v2\/media?parent=40232"}],"curies":[{"name":"wp","href":"https:\/\/api.w.org\/{rel}","templated":true}]}}