{"id":40264,"date":"2023-06-24T17:03:07","date_gmt":"2023-06-24T14:03:07","guid":{"rendered":"https:\/\/www.radiomarket.fi\/?post_type=product&#038;p=40264"},"modified":"2023-08-04T10:47:48","modified_gmt":"2023-08-04T07:47:48","slug":"secto-rally-2023-1-hh-museolla-hinta-yhdelta-yolta","status":"publish","type":"product","link":"https:\/\/www.radiomarket.fi\/en\/kohde\/secto-rally-2023-1-hh-museolla-hinta-yhdelta-yolta\/","title":{"rendered":"Secto Rally 2023 1 hh museolla hinta yhdelt\u00e4 y\u00f6lt\u00e4"},"content":{"rendered":"Valitse montako y\u00f6t\u00e4 haluat varata aikav\u00e4lill\u00e4 keskiviikko-sunnuntai 2.-6.8.2023, yksi y\u00f6 maksaa 49,00 euroa ja voit ostaa jaksolle kerralla nelj\u00e4 y\u00f6t\u00e4. Ilmoita tilauksesi lis\u00e4tiedoissa mitk\u00e4 y\u00f6t olet varannut.\r\n\r\nLis\u00e4y\u00f6t p\u00e4iv\u00e4m\u00e4\u00e4rien ulkopuolella 20 euroa, varaa ne suoraan s\u00e4hk\u00f6postilla, maksu paikan p\u00e4\u00e4ll\u00e4.\r\n\r\nYksi s\u00e4nky pedattuna valmiiksi, WC:t, suihku ja minikeitti\u00f6 k\u00e4ytett\u00e4viss\u00e4 yhteistiloissa. Huoneiden kalustus vaihtelee, esimerkkikuva.\r\n\r\nMUUTOKSET VARAUKSEEN: ota yhteytt\u00e4 radiomarkettiin.\r\n\r\nPERUUTUSEHTO: Maksetun varauksen viimeinen peruutusp\u00e4iv\u00e4 on 31.7, sen j\u00e4lkeen tehtyj\u00e4 varauksia ei en\u00e4\u00e4 hyvitet\u00e4.","protected":false},"excerpt":{"rendered":"<p>Ryhm\u00e4varauksessa ota yhteytt\u00e4 suoraan Radiomarketiin s\u00e4hk\u00f6postilla tai puhelimitse.<\/p>","protected":false},"featured_media":40356,"template":"","meta":[],"_links":{"self":[{"href":"https:\/\/www.radiomarket.fi\/en\/wp-json\/wp\/v2\/product\/40264"}],"collection":[{"href":"https:\/\/www.radiomarket.fi\/en\/wp-json\/wp\/v2\/product"}],"about":[{"href":"https:\/\/www.radiomarket.fi\/en\/wp-json\/wp\/v2\/types\/product"}],"wp:featuredmedia":[{"embeddable":true,"href":"https:\/\/www.radiomarket.fi\/en\/wp-json\/wp\/v2\/media\/40356"}],"wp:attachment":[{"href":"https:\/\/www.radiomarket.fi\/en\/wp-json\/wp\/v2\/media?parent=40264"}],"curies":[{"name":"wp","href":"https:\/\/api.w.org\/{rel}","templated":true}]}}