{"id":40265,"date":"2023-06-24T17:24:14","date_gmt":"2023-06-24T14:24:14","guid":{"rendered":"https:\/\/www.radiomarket.fi\/?post_type=product&#038;p=40265"},"modified":"2023-06-24T19:31:05","modified_gmt":"2023-06-24T16:31:05","slug":"ekub0474-yhden-pistokkeen-uppopistorasia-maadoitettu","status":"publish","type":"product","link":"https:\/\/www.radiomarket.fi\/en\/kohde\/ekub0474-yhden-pistokkeen-uppopistorasia-maadoitettu\/","title":{"rendered":"EKUB0474 yhden pistokkeen uppopistorasia maadoitettu"},"content":{"rendered":"<p>Uudenveroinen yksikk\u00f6pistorasia.<\/p>","protected":false},"excerpt":{"rendered":"<p>Jos pistorasian lapsisuoja jumittaa, kokeile ensin voidella suojan mekanismia s\u00e4hk\u00f6\u00e4 johtamattomalla \u00f6ljyll\u00e4.<\/p>","protected":false},"featured_media":40266,"template":"","meta":[],"_links":{"self":[{"href":"https:\/\/www.radiomarket.fi\/en\/wp-json\/wp\/v2\/product\/40265"}],"collection":[{"href":"https:\/\/www.radiomarket.fi\/en\/wp-json\/wp\/v2\/product"}],"about":[{"href":"https:\/\/www.radiomarket.fi\/en\/wp-json\/wp\/v2\/types\/product"}],"wp:featuredmedia":[{"embeddable":true,"href":"https:\/\/www.radiomarket.fi\/en\/wp-json\/wp\/v2\/media\/40266"}],"wp:attachment":[{"href":"https:\/\/www.radiomarket.fi\/en\/wp-json\/wp\/v2\/media?parent=40265"}],"curies":[{"name":"wp","href":"https:\/\/api.w.org\/{rel}","templated":true}]}}