{"id":40268,"date":"2023-06-24T19:31:44","date_gmt":"2023-06-24T16:31:44","guid":{"rendered":"https:\/\/www.radiomarket.fi\/?post_type=product&#038;p=40268"},"modified":"2023-06-24T19:35:44","modified_gmt":"2023-06-24T16:35:44","slug":"ekub0475-siemens-poytapuhelin","status":"publish","type":"product","link":"https:\/\/www.radiomarket.fi\/en\/kohde\/ekub0475-siemens-poytapuhelin\/","title":{"rendered":"EKUB0475 Siemens p\u00f6yt\u00e4puhelin"},"content":{"rendered":"Saksalainen p\u00f6yt\u00e4puhelin, valmistettu 1966. Ulkoisesti ehyt lukuun ottamatta pistokkeen kantta.","protected":false},"excerpt":{"rendered":"<p>Saksalainen p\u00f6yt\u00e4puhelin, valmistettu 1966. Ulkoisesti ehyt lukuun ottamatta pistokkeen kantta.<\/p>","protected":false},"featured_media":40271,"template":"","meta":[],"_links":{"self":[{"href":"https:\/\/www.radiomarket.fi\/en\/wp-json\/wp\/v2\/product\/40268"}],"collection":[{"href":"https:\/\/www.radiomarket.fi\/en\/wp-json\/wp\/v2\/product"}],"about":[{"href":"https:\/\/www.radiomarket.fi\/en\/wp-json\/wp\/v2\/types\/product"}],"wp:featuredmedia":[{"embeddable":true,"href":"https:\/\/www.radiomarket.fi\/en\/wp-json\/wp\/v2\/media\/40271"}],"wp:attachment":[{"href":"https:\/\/www.radiomarket.fi\/en\/wp-json\/wp\/v2\/media?parent=40268"}],"curies":[{"name":"wp","href":"https:\/\/api.w.org\/{rel}","templated":true}]}}