{"id":40412,"date":"2023-07-05T12:55:21","date_gmt":"2023-07-05T09:55:21","guid":{"rendered":"https:\/\/www.radiomarket.fi\/?post_type=product&#038;p=40412"},"modified":"2023-09-01T02:15:24","modified_gmt":"2023-08-31T23:15:24","slug":"ekum0529-paamies-matkapuhelinmyymala-avainnauha-nos","status":"publish","type":"product","link":"https:\/\/www.radiomarket.fi\/en\/kohde\/ekum0529-paamies-matkapuhelinmyymala-avainnauha-nos\/","title":{"rendered":"EKUM0529 P\u00e4\u00e4mies matkapuhelinmyym\u00e4l\u00e4 avainnauha NOS"},"content":{"rendered":"<p>K\u00e4ytt\u00e4m\u00e4t\u00f6n Radiolinja-matkapuhelinoperaattorin P\u00e4\u00e4mies-myym\u00e4l\u00e4ketjun kaulanauha. Liikeketju toimi t\u00e4ll\u00e4 nimell\u00e4 vuodet 1998\u20132006, n\u00e4ist\u00e4 nauhoista tiedet\u00e4\u00e4n ett\u00e4 ne ovat 1990-luvun puolelta. Alkuper\u00e4ispakkauksessa.<\/p>","protected":false},"excerpt":{"rendered":"<p>Kirjetoimitustuotteita kannattaa tilata useampi kerralla, lis\u00e4tuote nostaa postikulun osuutta vain muutamalla sentill\u00e4.<\/p>","protected":false},"featured_media":40414,"template":"","meta":[],"_links":{"self":[{"href":"https:\/\/www.radiomarket.fi\/en\/wp-json\/wp\/v2\/product\/40412"}],"collection":[{"href":"https:\/\/www.radiomarket.fi\/en\/wp-json\/wp\/v2\/product"}],"about":[{"href":"https:\/\/www.radiomarket.fi\/en\/wp-json\/wp\/v2\/types\/product"}],"wp:featuredmedia":[{"embeddable":true,"href":"https:\/\/www.radiomarket.fi\/en\/wp-json\/wp\/v2\/media\/40414"}],"wp:attachment":[{"href":"https:\/\/www.radiomarket.fi\/en\/wp-json\/wp\/v2\/media?parent=40412"}],"curies":[{"name":"wp","href":"https:\/\/api.w.org\/{rel}","templated":true}]}}