{"id":40433,"date":"2023-07-08T10:16:48","date_gmt":"2023-07-08T07:16:48","guid":{"rendered":"https:\/\/www.radiomarket.fi\/?post_type=product&#038;p=40433"},"modified":"2023-07-08T13:58:31","modified_gmt":"2023-07-08T10:58:31","slug":"ekum3000-philips-fx51747-562x161mm-asteikkopleksi","status":"publish","type":"product","link":"https:\/\/www.radiomarket.fi\/en\/kohde\/ekum3000-philips-fx51747-562x161mm-asteikkopleksi\/","title":{"rendered":"EKUM3000 Philips FX51747 562x161mm asteikkopleksi"},"content":{"rendered":"<p>Asteikkolasi tai -pleksi putkiradioon tms.<\/p><p>Lasin mitat otsikkorivill\u00e4<\/p><p>&nbsp;<\/p>","protected":false},"excerpt":{"rendered":"<p>Suosittelemme asteikkolaseille s\u00e4rkyv\u00e4-lis\u00e4palvelua (ostettavissa tuotteena)<\/p>","protected":false},"featured_media":40436,"template":"","meta":[],"_links":{"self":[{"href":"https:\/\/www.radiomarket.fi\/en\/wp-json\/wp\/v2\/product\/40433"}],"collection":[{"href":"https:\/\/www.radiomarket.fi\/en\/wp-json\/wp\/v2\/product"}],"about":[{"href":"https:\/\/www.radiomarket.fi\/en\/wp-json\/wp\/v2\/types\/product"}],"wp:featuredmedia":[{"embeddable":true,"href":"https:\/\/www.radiomarket.fi\/en\/wp-json\/wp\/v2\/media\/40436"}],"wp:attachment":[{"href":"https:\/\/www.radiomarket.fi\/en\/wp-json\/wp\/v2\/media?parent=40433"}],"curies":[{"name":"wp","href":"https:\/\/api.w.org\/{rel}","templated":true}]}}