{"id":40462,"date":"2023-07-11T12:45:48","date_gmt":"2023-07-11T09:45:48","guid":{"rendered":"https:\/\/www.radiomarket.fi\/?post_type=product&#038;p=40462"},"modified":"2023-07-11T13:06:23","modified_gmt":"2023-07-11T10:06:23","slug":"ekum3003-1038-015x-lansisaksalainen-567x133mm","status":"publish","type":"product","link":"https:\/\/www.radiomarket.fi\/en\/kohde\/ekum3003-1038-015x-lansisaksalainen-567x133mm\/","title":{"rendered":"EKUM3003 1038-015X l\u00e4nsisaksalainen 567x133mm"},"content":{"rendered":"<p>Asteikkolasi tai -pleksi putkiradioon tms.<\/p><p>Lasin mitat otsikkorivill\u00e4<\/p><p>&nbsp;<\/p>","protected":false},"excerpt":{"rendered":"<p>Suosittelemme asteikkolaseille s\u00e4rkyv\u00e4-lis\u00e4palvelua (ostettavissa tuotteena)<\/p>","protected":false},"featured_media":40463,"template":"","meta":[],"_links":{"self":[{"href":"https:\/\/www.radiomarket.fi\/en\/wp-json\/wp\/v2\/product\/40462"}],"collection":[{"href":"https:\/\/www.radiomarket.fi\/en\/wp-json\/wp\/v2\/product"}],"about":[{"href":"https:\/\/www.radiomarket.fi\/en\/wp-json\/wp\/v2\/types\/product"}],"wp:featuredmedia":[{"embeddable":true,"href":"https:\/\/www.radiomarket.fi\/en\/wp-json\/wp\/v2\/media\/40463"}],"wp:attachment":[{"href":"https:\/\/www.radiomarket.fi\/en\/wp-json\/wp\/v2\/media?parent=40462"}],"curies":[{"name":"wp","href":"https:\/\/api.w.org\/{rel}","templated":true}]}}