{"id":40471,"date":"2023-07-11T13:24:11","date_gmt":"2023-07-11T10:24:11","guid":{"rendered":"https:\/\/www.radiomarket.fi\/?post_type=product&#038;p=40471"},"modified":"2023-07-12T10:33:04","modified_gmt":"2023-07-12T07:33:04","slug":"ekum3005-80028-564x127mm-likaa-ylareunassa-maalikulumaa","status":"publish","type":"product","link":"https:\/\/www.radiomarket.fi\/en\/kohde\/ekum3005-80028-564x127mm-likaa-ylareunassa-maalikulumaa\/","title":{"rendered":"EKUM3005 Helvar\/Celeston 80028 564x127mm"},"content":{"rendered":"<p>Asteikkolasi tai -pleksi putkiradioon tms.<\/p><p>Lasin mitat otsikkorivill\u00e4<\/p><p>-likaa, yl\u00e4reunassa maalikulumaa<br \/><br \/>HUOM! Valmistajan koodilla 80028 l\u00f6ytyy ainakin mustaa ja kullanv\u00e4rist\u00e4 lasia samoilla mitoilla.<\/p><p>&nbsp;<\/p>","protected":false},"excerpt":{"rendered":"<p>Suosittelemme asteikkolaseille s\u00e4rkyv\u00e4-lis\u00e4palvelua (ostettavissa tuotteena)<\/p>","protected":false},"featured_media":40472,"template":"","meta":[],"_links":{"self":[{"href":"https:\/\/www.radiomarket.fi\/en\/wp-json\/wp\/v2\/product\/40471"}],"collection":[{"href":"https:\/\/www.radiomarket.fi\/en\/wp-json\/wp\/v2\/product"}],"about":[{"href":"https:\/\/www.radiomarket.fi\/en\/wp-json\/wp\/v2\/types\/product"}],"wp:featuredmedia":[{"embeddable":true,"href":"https:\/\/www.radiomarket.fi\/en\/wp-json\/wp\/v2\/media\/40472"}],"wp:attachment":[{"href":"https:\/\/www.radiomarket.fi\/en\/wp-json\/wp\/v2\/media?parent=40471"}],"curies":[{"name":"wp","href":"https:\/\/api.w.org\/{rel}","templated":true}]}}